{"id":6069,"date":"2015-10-20T16:07:14","date_gmt":"2015-10-20T16:07:14","guid":{"rendered":"http:\/\/www.grimau.com\/producto\/chardonnay\/"},"modified":"2018-03-01T10:34:48","modified_gmt":"2018-03-01T10:34:48","slug":"chardonnay","status":"publish","type":"product","link":"https:\/\/www.grimau.com\/ca\/producto\/chardonnay\/","title":{"rendered":"Chardonnay"},"content":{"rendered":"<div class=\"wpb-content-wrapper\">[vc_row][vc_column][vc_empty_space][vc_column_text]\n<h6>\u00a0VARIETAT DE RA\u00cfM<\/h6>\n<p>Aquest gran vi ha estat elaborat exclusivament amb la varietat de ra\u00efm Chardonnay.<\/p>\n<h6>ELABORACI\u00d3<\/h6>\n<p>La verema es va fer a l&#8217;agost. Posteriorment es va fer una maceraci\u00f3 amb les seves pellofes durant 8 dies, en els que va adquir\u00ed la seva personalitat i color. Es va fermentar a 22\u00ba C durant 12 dies i a on es va incorporar gran part dels seus matisos i aromes.[\/vc_column_text][\/vc_column][\/vc_row]\n<\/div>","protected":false},"excerpt":{"rendered":"<h3 style=\"color: #b4bb6b;\">&#8212; Fitxa de degustaci\u00f3 &#8212;<\/h3>\n<p><strong>Color:<\/strong> Groc de reflexos or i llimona, molt net i brillant.<\/p>\n<p><strong>Aroma:<\/strong> Molt arom\u00e0tic, caracter\u00edstic de la varietat, molt intens, amb tons de fruita ben madura i notes florals.<\/p>\n<p><strong>Gust:<\/strong> De considerable estructura, amb cos per\u00f2 delicat. Sobresortin els matisos de poma i fruita tropical com el mango i la pinya.<\/p>\n<h3 style=\"color: #b4bb6b;\">&#8212; Gastronomia &#8212;<\/h3>\n<p>Es un vi recomanat per plats de pasta i peix. Molt indicat tamb\u00e9 para combinar amb formatges.<br \/>\nServir-lo a uns 15\u00ba C.<\/p>\n<a title=\"Veure fitxa\" href=\"https:\/\/www.grimau.com\/wp-content\/uploads\/2018\/03\/Chardonnay-CAT.pdf\"  style=\" background-color:#b4bb6b; color:#ffffff;\"  class=\"sc_button  sc_button_skin_global sc_button_style_bg sc_button_size_medium ico icon-wine3\"  target=\"_blank\">Veure fitxa<\/a>\n","protected":false},"featured_media":6249,"comment_status":"closed","ping_status":"closed","template":"","meta":[],"product_brand":[],"product_cat":[189],"product_tag":[],"class_list":{"0":"post-6069","1":"product","2":"type-product","3":"status-publish","4":"has-post-thumbnail","6":"product_cat-vins","8":"first","9":"instock","10":"taxable","11":"shipping-taxable","12":"product-type-simple"},"yoast_head":"<!-- This site is optimized with the Yoast SEO plugin v27.4 - https:\/\/yoast.com\/product\/yoast-seo-wordpress\/ -->\n<title>Chardonnay - Grimau<\/title>\n<meta name=\"robots\" content=\"index, follow, max-snippet:-1, max-image-preview:large, max-video-preview:-1\" \/>\n<link rel=\"canonical\" href=\"https:\/\/www.grimau.com\/ca\/producto\/chardonnay\/\" \/>\n<meta property=\"og:locale\" content=\"ca_ES\" \/>\n<meta property=\"og:type\" content=\"article\" \/>\n<meta property=\"og:title\" content=\"Chardonnay - Grimau\" \/>\n<meta property=\"og:description\" content=\"-- Fitxa de degustaci\u00f3 -- Color: Groc de reflexos or i llimona, molt net i brillant.  Aroma: Molt arom\u00e0tic, caracter\u00edstic de la varietat, molt intens, amb tons de fruita ben madura i notes florals.  Gust: De considerable estructura, amb cos per\u00f2 delicat. Sobresortin els matisos de poma i fruita tropical com el mango i la pinya. -- Gastronomia -- Es un vi recomanat per plats de pasta i peix. Molt indicat tamb\u00e9 para combinar amb formatges. Servir-lo a uns 15\u00ba C.\" \/>\n<meta property=\"og:url\" content=\"https:\/\/www.grimau.com\/ca\/producto\/chardonnay\/\" \/>\n<meta property=\"og:site_name\" content=\"Grimau\" \/>\n<meta property=\"article:publisher\" content=\"https:\/\/www.facebook.com\/grimaucavas?fref=ts\" \/>\n<meta property=\"article:modified_time\" content=\"2018-03-01T10:34:48+00:00\" \/>\n<meta property=\"og:image\" content=\"https:\/\/www.grimau.com\/wp-content\/uploads\/2015\/10\/CHARDONNAY.png\" \/>\n\t<meta property=\"og:image:width\" content=\"1577\" \/>\n\t<meta property=\"og:image:height\" content=\"1577\" \/>\n\t<meta property=\"og:image:type\" content=\"image\/png\" \/>\n<meta name=\"twitter:card\" content=\"summary_large_image\" \/>\n<meta name=\"twitter:site\" content=\"@cava_grimau\" \/>\n<script type=\"application\/ld+json\" class=\"yoast-schema-graph\">{\"@context\":\"https:\\\/\\\/schema.org\",\"@graph\":[{\"@type\":\"WebPage\",\"@id\":\"https:\\\/\\\/www.grimau.com\\\/ca\\\/producto\\\/chardonnay\\\/\",\"url\":\"https:\\\/\\\/www.grimau.com\\\/ca\\\/producto\\\/chardonnay\\\/\",\"name\":\"Chardonnay - Grimau\",\"isPartOf\":{\"@id\":\"https:\\\/\\\/www.grimau.com\\\/#website\"},\"primaryImageOfPage\":{\"@id\":\"https:\\\/\\\/www.grimau.com\\\/ca\\\/producto\\\/chardonnay\\\/#primaryimage\"},\"image\":{\"@id\":\"https:\\\/\\\/www.grimau.com\\\/ca\\\/producto\\\/chardonnay\\\/#primaryimage\"},\"thumbnailUrl\":\"https:\\\/\\\/www.grimau.com\\\/wp-content\\\/uploads\\\/2015\\\/10\\\/CHARDONNAY.png\",\"datePublished\":\"2015-10-20T16:07:14+00:00\",\"dateModified\":\"2018-03-01T10:34:48+00:00\",\"breadcrumb\":{\"@id\":\"https:\\\/\\\/www.grimau.com\\\/ca\\\/producto\\\/chardonnay\\\/#breadcrumb\"},\"inLanguage\":\"ca\",\"potentialAction\":[{\"@type\":\"ReadAction\",\"target\":[\"https:\\\/\\\/www.grimau.com\\\/ca\\\/producto\\\/chardonnay\\\/\"]}]},{\"@type\":\"ImageObject\",\"inLanguage\":\"ca\",\"@id\":\"https:\\\/\\\/www.grimau.com\\\/ca\\\/producto\\\/chardonnay\\\/#primaryimage\",\"url\":\"https:\\\/\\\/www.grimau.com\\\/wp-content\\\/uploads\\\/2015\\\/10\\\/CHARDONNAY.png\",\"contentUrl\":\"https:\\\/\\\/www.grimau.com\\\/wp-content\\\/uploads\\\/2015\\\/10\\\/CHARDONNAY.png\",\"width\":1577,\"height\":1577},{\"@type\":\"BreadcrumbList\",\"@id\":\"https:\\\/\\\/www.grimau.com\\\/ca\\\/producto\\\/chardonnay\\\/#breadcrumb\",\"itemListElement\":[{\"@type\":\"ListItem\",\"position\":1,\"name\":\"Portada\",\"item\":\"https:\\\/\\\/www.grimau.com\\\/ca\\\/\"},{\"@type\":\"ListItem\",\"position\":2,\"name\":\"Productos\",\"item\":\"https:\\\/\\\/www.grimau.com\\\/productos-2\\\/\"},{\"@type\":\"ListItem\",\"position\":3,\"name\":\"Chardonnay\"}]},{\"@type\":\"WebSite\",\"@id\":\"https:\\\/\\\/www.grimau.com\\\/#website\",\"url\":\"https:\\\/\\\/www.grimau.com\\\/\",\"name\":\"Grimau\",\"description\":\"Vins i caves\",\"publisher\":{\"@id\":\"https:\\\/\\\/www.grimau.com\\\/#organization\"},\"potentialAction\":[{\"@type\":\"SearchAction\",\"target\":{\"@type\":\"EntryPoint\",\"urlTemplate\":\"https:\\\/\\\/www.grimau.com\\\/?s={search_term_string}\"},\"query-input\":{\"@type\":\"PropertyValueSpecification\",\"valueRequired\":true,\"valueName\":\"search_term_string\"}}],\"inLanguage\":\"ca\"},{\"@type\":\"Organization\",\"@id\":\"https:\\\/\\\/www.grimau.com\\\/#organization\",\"name\":\"Vi\u00f1a Torreblanca\",\"url\":\"https:\\\/\\\/www.grimau.com\\\/\",\"logo\":{\"@type\":\"ImageObject\",\"inLanguage\":\"ca\",\"@id\":\"https:\\\/\\\/www.grimau.com\\\/#\\\/schema\\\/logo\\\/image\\\/\",\"url\":\"https:\\\/\\\/www.grimau.com\\\/wp-content\\\/uploads\\\/2015\\\/11\\\/red-logo-grimau.png\",\"contentUrl\":\"https:\\\/\\\/www.grimau.com\\\/wp-content\\\/uploads\\\/2015\\\/11\\\/red-logo-grimau.png\",\"width\":400,\"height\":219,\"caption\":\"Vi\u00f1a Torreblanca\"},\"image\":{\"@id\":\"https:\\\/\\\/www.grimau.com\\\/#\\\/schema\\\/logo\\\/image\\\/\"},\"sameAs\":[\"https:\\\/\\\/www.facebook.com\\\/grimaucavas?fref=ts\",\"https:\\\/\\\/x.com\\\/cava_grimau\",\"https:\\\/\\\/www.instagram.com\\\/cavagrimau\\\/\",\"https:\\\/\\\/instagram.com\\\/cavagrimau\\\/\",\"https:\\\/\\\/es.pinterest.com\\\/pin\\\/551268810614675792\\\/\",\"https:\\\/\\\/www.youtube.com\\\/watch?time_continue=7&amp;amp;amp;amp;amp;amp;amp;amp;amp;amp;amp;amp;amp;amp;amp;amp;amp;amp;amp;amp;v=XAjWZ0nPhzk\"]}]}<\/script>\n<!-- \/ Yoast SEO plugin. -->","yoast_head_json":{"title":"Chardonnay - Grimau","robots":{"index":"index","follow":"follow","max-snippet":"max-snippet:-1","max-image-preview":"max-image-preview:large","max-video-preview":"max-video-preview:-1"},"canonical":"https:\/\/www.grimau.com\/ca\/producto\/chardonnay\/","og_locale":"ca_ES","og_type":"article","og_title":"Chardonnay - Grimau","og_description":"-- Fitxa de degustaci\u00f3 -- Color: Groc de reflexos or i llimona, molt net i brillant.  Aroma: Molt arom\u00e0tic, caracter\u00edstic de la varietat, molt intens, amb tons de fruita ben madura i notes florals.  Gust: De considerable estructura, amb cos per\u00f2 delicat. Sobresortin els matisos de poma i fruita tropical com el mango i la pinya. -- Gastronomia -- Es un vi recomanat per plats de pasta i peix. Molt indicat tamb\u00e9 para combinar amb formatges. Servir-lo a uns 15\u00ba C.","og_url":"https:\/\/www.grimau.com\/ca\/producto\/chardonnay\/","og_site_name":"Grimau","article_publisher":"https:\/\/www.facebook.com\/grimaucavas?fref=ts","article_modified_time":"2018-03-01T10:34:48+00:00","og_image":[{"width":1577,"height":1577,"url":"https:\/\/www.grimau.com\/wp-content\/uploads\/2015\/10\/CHARDONNAY.png","type":"image\/png"}],"twitter_card":"summary_large_image","twitter_site":"@cava_grimau","schema":{"@context":"https:\/\/schema.org","@graph":[{"@type":"WebPage","@id":"https:\/\/www.grimau.com\/ca\/producto\/chardonnay\/","url":"https:\/\/www.grimau.com\/ca\/producto\/chardonnay\/","name":"Chardonnay - Grimau","isPartOf":{"@id":"https:\/\/www.grimau.com\/#website"},"primaryImageOfPage":{"@id":"https:\/\/www.grimau.com\/ca\/producto\/chardonnay\/#primaryimage"},"image":{"@id":"https:\/\/www.grimau.com\/ca\/producto\/chardonnay\/#primaryimage"},"thumbnailUrl":"https:\/\/www.grimau.com\/wp-content\/uploads\/2015\/10\/CHARDONNAY.png","datePublished":"2015-10-20T16:07:14+00:00","dateModified":"2018-03-01T10:34:48+00:00","breadcrumb":{"@id":"https:\/\/www.grimau.com\/ca\/producto\/chardonnay\/#breadcrumb"},"inLanguage":"ca","potentialAction":[{"@type":"ReadAction","target":["https:\/\/www.grimau.com\/ca\/producto\/chardonnay\/"]}]},{"@type":"ImageObject","inLanguage":"ca","@id":"https:\/\/www.grimau.com\/ca\/producto\/chardonnay\/#primaryimage","url":"https:\/\/www.grimau.com\/wp-content\/uploads\/2015\/10\/CHARDONNAY.png","contentUrl":"https:\/\/www.grimau.com\/wp-content\/uploads\/2015\/10\/CHARDONNAY.png","width":1577,"height":1577},{"@type":"BreadcrumbList","@id":"https:\/\/www.grimau.com\/ca\/producto\/chardonnay\/#breadcrumb","itemListElement":[{"@type":"ListItem","position":1,"name":"Portada","item":"https:\/\/www.grimau.com\/ca\/"},{"@type":"ListItem","position":2,"name":"Productos","item":"https:\/\/www.grimau.com\/productos-2\/"},{"@type":"ListItem","position":3,"name":"Chardonnay"}]},{"@type":"WebSite","@id":"https:\/\/www.grimau.com\/#website","url":"https:\/\/www.grimau.com\/","name":"Grimau","description":"Vins i caves","publisher":{"@id":"https:\/\/www.grimau.com\/#organization"},"potentialAction":[{"@type":"SearchAction","target":{"@type":"EntryPoint","urlTemplate":"https:\/\/www.grimau.com\/?s={search_term_string}"},"query-input":{"@type":"PropertyValueSpecification","valueRequired":true,"valueName":"search_term_string"}}],"inLanguage":"ca"},{"@type":"Organization","@id":"https:\/\/www.grimau.com\/#organization","name":"Vi\u00f1a Torreblanca","url":"https:\/\/www.grimau.com\/","logo":{"@type":"ImageObject","inLanguage":"ca","@id":"https:\/\/www.grimau.com\/#\/schema\/logo\/image\/","url":"https:\/\/www.grimau.com\/wp-content\/uploads\/2015\/11\/red-logo-grimau.png","contentUrl":"https:\/\/www.grimau.com\/wp-content\/uploads\/2015\/11\/red-logo-grimau.png","width":400,"height":219,"caption":"Vi\u00f1a Torreblanca"},"image":{"@id":"https:\/\/www.grimau.com\/#\/schema\/logo\/image\/"},"sameAs":["https:\/\/www.facebook.com\/grimaucavas?fref=ts","https:\/\/x.com\/cava_grimau","https:\/\/www.instagram.com\/cavagrimau\/","https:\/\/instagram.com\/cavagrimau\/","https:\/\/es.pinterest.com\/pin\/551268810614675792\/","https:\/\/www.youtube.com\/watch?time_continue=7&amp;amp;amp;amp;amp;amp;amp;amp;amp;amp;amp;amp;amp;amp;amp;amp;amp;amp;amp;amp;v=XAjWZ0nPhzk"]}]}},"_links":{"self":[{"href":"https:\/\/www.grimau.com\/ca\/wp-json\/wp\/v2\/product\/6069","targetHints":{"allow":["GET"]}}],"collection":[{"href":"https:\/\/www.grimau.com\/ca\/wp-json\/wp\/v2\/product"}],"about":[{"href":"https:\/\/www.grimau.com\/ca\/wp-json\/wp\/v2\/types\/product"}],"replies":[{"embeddable":true,"href":"https:\/\/www.grimau.com\/ca\/wp-json\/wp\/v2\/comments?post=6069"}],"wp:featuredmedia":[{"embeddable":true,"href":"https:\/\/www.grimau.com\/ca\/wp-json\/wp\/v2\/media\/6249"}],"wp:attachment":[{"href":"https:\/\/www.grimau.com\/ca\/wp-json\/wp\/v2\/media?parent=6069"}],"wp:term":[{"taxonomy":"product_brand","embeddable":true,"href":"https:\/\/www.grimau.com\/ca\/wp-json\/wp\/v2\/product_brand?post=6069"},{"taxonomy":"product_cat","embeddable":true,"href":"https:\/\/www.grimau.com\/ca\/wp-json\/wp\/v2\/product_cat?post=6069"},{"taxonomy":"product_tag","embeddable":true,"href":"https:\/\/www.grimau.com\/ca\/wp-json\/wp\/v2\/product_tag?post=6069"}],"curies":[{"name":"wp","href":"https:\/\/api.w.org\/{rel}","templated":true}]}}