{"id":6065,"date":"2015-10-20T20:04:22","date_gmt":"2015-10-20T20:04:22","guid":{"rendered":"http:\/\/www.grimau.com\/producto\/cabernet-sauvignon\/"},"modified":"2018-03-01T10:36:24","modified_gmt":"2018-03-01T10:36:24","slug":"cabernet-sauvignon","status":"publish","type":"product","link":"https:\/\/www.grimau.com\/ca\/producto\/cabernet-sauvignon\/","title":{"rendered":"Cabernet Sauvignon"},"content":{"rendered":"<div class=\"wpb-content-wrapper\">[vc_row][vc_column][vc_empty_space][vc_column_text]\n<h6>\u00a0VARIETATS DE RA\u00cfM<\/h6>\n<p>Aquest gran vi, ha estat elaborat exclusivament amb la varietat negra Cabernet Sauvignon.<\/p>\n<h6>ELABORACI\u00d3<\/h6>\n<p>Despr\u00e9s d&#8217;un estricte control de qualitat, es van escollir nom\u00e9s els millors ra\u00efms per a la posterior elaboraci\u00f3. La fermentaci\u00f3 i la maceraci\u00f3 del vi va tenir lloc en els propis dip\u00f2sits d&#8217;acer inoxidable, on el vi va adquirir un color intens i la seva particularitat. La fermentaci\u00f3 es va produir durant 20 dies amb control de la temperatura a 28\u00baC per afavorir el seu perfecte desenvolupament. Posteriorment, el vi s&#8217;introduir\u00e0 en ampolla, on romandr\u00e0 un m\u00ednim de 18 mesos, en absolut silenci en la foscor del celler. El taponat realitzat \u00e9s de suro natural de 1\u00aa qualitat, per poder preservar tots els aromes i sabors del propi vi.[\/vc_column_text][\/vc_column][\/vc_row]\n<\/div>","protected":false},"excerpt":{"rendered":"<h3 style=\"color: #b4bb6b;\">&#8212; Fitxa de degustaci\u00f3 &#8212;<\/h3>\n<p><strong>Color:<\/strong> Vermell Rub\u00ed intens amb reflexos teula.<\/p>\n<p><strong>Aroma:<\/strong> D&#8217;aroma complex, destaquen les notes d&#8217;esp\u00e8cies, vainilla i canyella, sobre un fons que recorda les groselles, esbarzer i la cirera negra.<\/p>\n<p><strong>Gust:<\/strong> De considerable estructura, amb cos per\u00f2 delicat, rod\u00f3 en boca sense astring\u00e8ncia, sensaci\u00f3 d&#8217;opul\u00e8ncia al paladar i persistent.<\/p>\n<h3 style=\"color: #b4bb6b;\">&#8212; Gastronomia &#8212;<\/h3>\n<p>\u00c9s un vi indicat per a plats a for\u00e7a de carns. Molt recomanat tamb\u00e9 per la seva ingesti\u00f3 amb formatges i embotits guarits. Es recomana servir a 18\u00ba C.<\/p>\n<a title=\"Veure fitxa\" href=\"https:\/\/www.grimau.com\/wp-content\/uploads\/2018\/03\/Cabernet-Sauvignon-CAT.pdf\"  style=\" background-color:#b4bb6b; color:#ffffff;\"  class=\"sc_button  sc_button_skin_global sc_button_style_bg sc_button_size_medium\"  target=\"_blank\">Veure fitxa<\/a>\n","protected":false},"featured_media":9464,"comment_status":"closed","ping_status":"closed","template":"","meta":[],"product_brand":[],"product_cat":[189],"product_tag":[],"class_list":{"0":"post-6065","1":"product","2":"type-product","3":"status-publish","4":"has-post-thumbnail","6":"product_cat-vins","8":"first","9":"instock","10":"taxable","11":"shipping-taxable","12":"product-type-simple"},"yoast_head":"<!-- This site is optimized with the Yoast SEO plugin v27.4 - https:\/\/yoast.com\/product\/yoast-seo-wordpress\/ -->\n<title>Cabernet Sauvignon - Grimau<\/title>\n<meta name=\"robots\" content=\"index, follow, max-snippet:-1, max-image-preview:large, max-video-preview:-1\" \/>\n<link rel=\"canonical\" href=\"https:\/\/www.grimau.com\/ca\/producto\/cabernet-sauvignon\/\" \/>\n<meta property=\"og:locale\" content=\"ca_ES\" \/>\n<meta property=\"og:type\" content=\"article\" \/>\n<meta property=\"og:title\" content=\"Cabernet Sauvignon - Grimau\" \/>\n<meta property=\"og:description\" content=\"-- Fitxa de degustaci\u00f3 -- Color: Vermell Rub\u00ed intens amb reflexos teula.  Aroma: D&#039;aroma complex, destaquen les notes d&#039;esp\u00e8cies, vainilla i canyella, sobre un fons que recorda les groselles, esbarzer i la cirera negra.  Gust: De considerable estructura, amb cos per\u00f2 delicat, rod\u00f3 en boca sense astring\u00e8ncia, sensaci\u00f3 d&#039;opul\u00e8ncia al paladar i persistent. -- Gastronomia -- \u00c9s un vi indicat per a plats a for\u00e7a de carns. Molt recomanat tamb\u00e9 per la seva ingesti\u00f3 amb formatges i embotits guarits. Es recomana servir a 18\u00ba C.\" \/>\n<meta property=\"og:url\" content=\"https:\/\/www.grimau.com\/ca\/producto\/cabernet-sauvignon\/\" \/>\n<meta property=\"og:site_name\" content=\"Grimau\" \/>\n<meta property=\"article:publisher\" content=\"https:\/\/www.facebook.com\/grimaucavas?fref=ts\" \/>\n<meta property=\"article:modified_time\" content=\"2018-03-01T10:36:24+00:00\" \/>\n<meta property=\"og:image\" content=\"https:\/\/www.grimau.com\/wp-content\/uploads\/2015\/10\/Cabernet-Sauvignon.png\" \/>\n\t<meta property=\"og:image:width\" content=\"550\" \/>\n\t<meta property=\"og:image:height\" content=\"550\" \/>\n\t<meta property=\"og:image:type\" content=\"image\/png\" \/>\n<meta name=\"twitter:card\" content=\"summary_large_image\" \/>\n<meta name=\"twitter:site\" content=\"@cava_grimau\" \/>\n<meta name=\"twitter:label1\" content=\"Temps estimat de lectura\" \/>\n\t<meta name=\"twitter:data1\" content=\"1 minut\" \/>\n<script type=\"application\/ld+json\" class=\"yoast-schema-graph\">{\"@context\":\"https:\\\/\\\/schema.org\",\"@graph\":[{\"@type\":\"WebPage\",\"@id\":\"https:\\\/\\\/www.grimau.com\\\/ca\\\/producto\\\/cabernet-sauvignon\\\/\",\"url\":\"https:\\\/\\\/www.grimau.com\\\/ca\\\/producto\\\/cabernet-sauvignon\\\/\",\"name\":\"Cabernet Sauvignon - Grimau\",\"isPartOf\":{\"@id\":\"https:\\\/\\\/www.grimau.com\\\/#website\"},\"primaryImageOfPage\":{\"@id\":\"https:\\\/\\\/www.grimau.com\\\/ca\\\/producto\\\/cabernet-sauvignon\\\/#primaryimage\"},\"image\":{\"@id\":\"https:\\\/\\\/www.grimau.com\\\/ca\\\/producto\\\/cabernet-sauvignon\\\/#primaryimage\"},\"thumbnailUrl\":\"https:\\\/\\\/www.grimau.com\\\/wp-content\\\/uploads\\\/2015\\\/10\\\/Cabernet-Sauvignon.png\",\"datePublished\":\"2015-10-20T20:04:22+00:00\",\"dateModified\":\"2018-03-01T10:36:24+00:00\",\"breadcrumb\":{\"@id\":\"https:\\\/\\\/www.grimau.com\\\/ca\\\/producto\\\/cabernet-sauvignon\\\/#breadcrumb\"},\"inLanguage\":\"ca\",\"potentialAction\":[{\"@type\":\"ReadAction\",\"target\":[\"https:\\\/\\\/www.grimau.com\\\/ca\\\/producto\\\/cabernet-sauvignon\\\/\"]}]},{\"@type\":\"ImageObject\",\"inLanguage\":\"ca\",\"@id\":\"https:\\\/\\\/www.grimau.com\\\/ca\\\/producto\\\/cabernet-sauvignon\\\/#primaryimage\",\"url\":\"https:\\\/\\\/www.grimau.com\\\/wp-content\\\/uploads\\\/2015\\\/10\\\/Cabernet-Sauvignon.png\",\"contentUrl\":\"https:\\\/\\\/www.grimau.com\\\/wp-content\\\/uploads\\\/2015\\\/10\\\/Cabernet-Sauvignon.png\",\"width\":550,\"height\":550},{\"@type\":\"BreadcrumbList\",\"@id\":\"https:\\\/\\\/www.grimau.com\\\/ca\\\/producto\\\/cabernet-sauvignon\\\/#breadcrumb\",\"itemListElement\":[{\"@type\":\"ListItem\",\"position\":1,\"name\":\"Portada\",\"item\":\"https:\\\/\\\/www.grimau.com\\\/ca\\\/\"},{\"@type\":\"ListItem\",\"position\":2,\"name\":\"Productos\",\"item\":\"https:\\\/\\\/www.grimau.com\\\/productos-2\\\/\"},{\"@type\":\"ListItem\",\"position\":3,\"name\":\"Cabernet Sauvignon\"}]},{\"@type\":\"WebSite\",\"@id\":\"https:\\\/\\\/www.grimau.com\\\/#website\",\"url\":\"https:\\\/\\\/www.grimau.com\\\/\",\"name\":\"Grimau\",\"description\":\"Vins i caves\",\"publisher\":{\"@id\":\"https:\\\/\\\/www.grimau.com\\\/#organization\"},\"potentialAction\":[{\"@type\":\"SearchAction\",\"target\":{\"@type\":\"EntryPoint\",\"urlTemplate\":\"https:\\\/\\\/www.grimau.com\\\/?s={search_term_string}\"},\"query-input\":{\"@type\":\"PropertyValueSpecification\",\"valueRequired\":true,\"valueName\":\"search_term_string\"}}],\"inLanguage\":\"ca\"},{\"@type\":\"Organization\",\"@id\":\"https:\\\/\\\/www.grimau.com\\\/#organization\",\"name\":\"Vi\u00f1a Torreblanca\",\"url\":\"https:\\\/\\\/www.grimau.com\\\/\",\"logo\":{\"@type\":\"ImageObject\",\"inLanguage\":\"ca\",\"@id\":\"https:\\\/\\\/www.grimau.com\\\/#\\\/schema\\\/logo\\\/image\\\/\",\"url\":\"https:\\\/\\\/www.grimau.com\\\/wp-content\\\/uploads\\\/2015\\\/11\\\/red-logo-grimau.png\",\"contentUrl\":\"https:\\\/\\\/www.grimau.com\\\/wp-content\\\/uploads\\\/2015\\\/11\\\/red-logo-grimau.png\",\"width\":400,\"height\":219,\"caption\":\"Vi\u00f1a Torreblanca\"},\"image\":{\"@id\":\"https:\\\/\\\/www.grimau.com\\\/#\\\/schema\\\/logo\\\/image\\\/\"},\"sameAs\":[\"https:\\\/\\\/www.facebook.com\\\/grimaucavas?fref=ts\",\"https:\\\/\\\/x.com\\\/cava_grimau\",\"https:\\\/\\\/www.instagram.com\\\/cavagrimau\\\/\",\"https:\\\/\\\/instagram.com\\\/cavagrimau\\\/\",\"https:\\\/\\\/es.pinterest.com\\\/pin\\\/551268810614675792\\\/\",\"https:\\\/\\\/www.youtube.com\\\/watch?time_continue=7&amp;amp;amp;amp;amp;amp;amp;amp;amp;amp;amp;amp;amp;amp;amp;amp;amp;amp;amp;amp;v=XAjWZ0nPhzk\"]}]}<\/script>\n<!-- \/ Yoast SEO plugin. -->","yoast_head_json":{"title":"Cabernet Sauvignon - Grimau","robots":{"index":"index","follow":"follow","max-snippet":"max-snippet:-1","max-image-preview":"max-image-preview:large","max-video-preview":"max-video-preview:-1"},"canonical":"https:\/\/www.grimau.com\/ca\/producto\/cabernet-sauvignon\/","og_locale":"ca_ES","og_type":"article","og_title":"Cabernet Sauvignon - Grimau","og_description":"-- Fitxa de degustaci\u00f3 -- Color: Vermell Rub\u00ed intens amb reflexos teula.  Aroma: D'aroma complex, destaquen les notes d'esp\u00e8cies, vainilla i canyella, sobre un fons que recorda les groselles, esbarzer i la cirera negra.  Gust: De considerable estructura, amb cos per\u00f2 delicat, rod\u00f3 en boca sense astring\u00e8ncia, sensaci\u00f3 d'opul\u00e8ncia al paladar i persistent. -- Gastronomia -- \u00c9s un vi indicat per a plats a for\u00e7a de carns. Molt recomanat tamb\u00e9 per la seva ingesti\u00f3 amb formatges i embotits guarits. Es recomana servir a 18\u00ba C.","og_url":"https:\/\/www.grimau.com\/ca\/producto\/cabernet-sauvignon\/","og_site_name":"Grimau","article_publisher":"https:\/\/www.facebook.com\/grimaucavas?fref=ts","article_modified_time":"2018-03-01T10:36:24+00:00","og_image":[{"width":550,"height":550,"url":"https:\/\/www.grimau.com\/wp-content\/uploads\/2015\/10\/Cabernet-Sauvignon.png","type":"image\/png"}],"twitter_card":"summary_large_image","twitter_site":"@cava_grimau","twitter_misc":{"Temps estimat de lectura":"1 minut"},"schema":{"@context":"https:\/\/schema.org","@graph":[{"@type":"WebPage","@id":"https:\/\/www.grimau.com\/ca\/producto\/cabernet-sauvignon\/","url":"https:\/\/www.grimau.com\/ca\/producto\/cabernet-sauvignon\/","name":"Cabernet Sauvignon - Grimau","isPartOf":{"@id":"https:\/\/www.grimau.com\/#website"},"primaryImageOfPage":{"@id":"https:\/\/www.grimau.com\/ca\/producto\/cabernet-sauvignon\/#primaryimage"},"image":{"@id":"https:\/\/www.grimau.com\/ca\/producto\/cabernet-sauvignon\/#primaryimage"},"thumbnailUrl":"https:\/\/www.grimau.com\/wp-content\/uploads\/2015\/10\/Cabernet-Sauvignon.png","datePublished":"2015-10-20T20:04:22+00:00","dateModified":"2018-03-01T10:36:24+00:00","breadcrumb":{"@id":"https:\/\/www.grimau.com\/ca\/producto\/cabernet-sauvignon\/#breadcrumb"},"inLanguage":"ca","potentialAction":[{"@type":"ReadAction","target":["https:\/\/www.grimau.com\/ca\/producto\/cabernet-sauvignon\/"]}]},{"@type":"ImageObject","inLanguage":"ca","@id":"https:\/\/www.grimau.com\/ca\/producto\/cabernet-sauvignon\/#primaryimage","url":"https:\/\/www.grimau.com\/wp-content\/uploads\/2015\/10\/Cabernet-Sauvignon.png","contentUrl":"https:\/\/www.grimau.com\/wp-content\/uploads\/2015\/10\/Cabernet-Sauvignon.png","width":550,"height":550},{"@type":"BreadcrumbList","@id":"https:\/\/www.grimau.com\/ca\/producto\/cabernet-sauvignon\/#breadcrumb","itemListElement":[{"@type":"ListItem","position":1,"name":"Portada","item":"https:\/\/www.grimau.com\/ca\/"},{"@type":"ListItem","position":2,"name":"Productos","item":"https:\/\/www.grimau.com\/productos-2\/"},{"@type":"ListItem","position":3,"name":"Cabernet Sauvignon"}]},{"@type":"WebSite","@id":"https:\/\/www.grimau.com\/#website","url":"https:\/\/www.grimau.com\/","name":"Grimau","description":"Vins i caves","publisher":{"@id":"https:\/\/www.grimau.com\/#organization"},"potentialAction":[{"@type":"SearchAction","target":{"@type":"EntryPoint","urlTemplate":"https:\/\/www.grimau.com\/?s={search_term_string}"},"query-input":{"@type":"PropertyValueSpecification","valueRequired":true,"valueName":"search_term_string"}}],"inLanguage":"ca"},{"@type":"Organization","@id":"https:\/\/www.grimau.com\/#organization","name":"Vi\u00f1a Torreblanca","url":"https:\/\/www.grimau.com\/","logo":{"@type":"ImageObject","inLanguage":"ca","@id":"https:\/\/www.grimau.com\/#\/schema\/logo\/image\/","url":"https:\/\/www.grimau.com\/wp-content\/uploads\/2015\/11\/red-logo-grimau.png","contentUrl":"https:\/\/www.grimau.com\/wp-content\/uploads\/2015\/11\/red-logo-grimau.png","width":400,"height":219,"caption":"Vi\u00f1a Torreblanca"},"image":{"@id":"https:\/\/www.grimau.com\/#\/schema\/logo\/image\/"},"sameAs":["https:\/\/www.facebook.com\/grimaucavas?fref=ts","https:\/\/x.com\/cava_grimau","https:\/\/www.instagram.com\/cavagrimau\/","https:\/\/instagram.com\/cavagrimau\/","https:\/\/es.pinterest.com\/pin\/551268810614675792\/","https:\/\/www.youtube.com\/watch?time_continue=7&amp;amp;amp;amp;amp;amp;amp;amp;amp;amp;amp;amp;amp;amp;amp;amp;amp;amp;amp;amp;v=XAjWZ0nPhzk"]}]}},"_links":{"self":[{"href":"https:\/\/www.grimau.com\/ca\/wp-json\/wp\/v2\/product\/6065","targetHints":{"allow":["GET"]}}],"collection":[{"href":"https:\/\/www.grimau.com\/ca\/wp-json\/wp\/v2\/product"}],"about":[{"href":"https:\/\/www.grimau.com\/ca\/wp-json\/wp\/v2\/types\/product"}],"replies":[{"embeddable":true,"href":"https:\/\/www.grimau.com\/ca\/wp-json\/wp\/v2\/comments?post=6065"}],"wp:featuredmedia":[{"embeddable":true,"href":"https:\/\/www.grimau.com\/ca\/wp-json\/wp\/v2\/media\/9464"}],"wp:attachment":[{"href":"https:\/\/www.grimau.com\/ca\/wp-json\/wp\/v2\/media?parent=6065"}],"wp:term":[{"taxonomy":"product_brand","embeddable":true,"href":"https:\/\/www.grimau.com\/ca\/wp-json\/wp\/v2\/product_brand?post=6065"},{"taxonomy":"product_cat","embeddable":true,"href":"https:\/\/www.grimau.com\/ca\/wp-json\/wp\/v2\/product_cat?post=6065"},{"taxonomy":"product_tag","embeddable":true,"href":"https:\/\/www.grimau.com\/ca\/wp-json\/wp\/v2\/product_tag?post=6065"}],"curies":[{"name":"wp","href":"https:\/\/api.w.org\/{rel}","templated":true}]}}