

{"id":6043,"date":"2015-10-20T20:44:43","date_gmt":"2015-10-20T20:44:43","guid":{"rendered":"http:\/\/www.grimau.com\/producto\/trencadis\/"},"modified":"2018-03-01T10:28:05","modified_gmt":"2018-03-01T10:28:05","slug":"trencadis","status":"publish","type":"product","link":"https:\/\/www.grimau.com\/ca\/producto\/trencadis\/","title":{"rendered":"Trencad\u00eds"},"content":{"rendered":"<div class=\"wpb-content-wrapper\">[vc_row][vc_column][vc_empty_space][vc_column_text]\n<h6>\u00a0VARIETATS DE RA\u00cfM<\/h6>\n<p>Las varietats utilitzades han estat Xarel\u00b7lo, Macabeu, Parellada i Chardonnay.<\/p>\n<h6>CRIAN\u00c7A<\/h6>\n<p>Despr\u00e9s d&#8217;una estricta i delicada selecci\u00f3 dels millors ra\u00efms, es va realitzar la primera fermentaci\u00f3 de les diferents varietats. Despr\u00e9s d&#8217;aquesta primera fermentaci\u00f3, i una vegada fet el coupage, va tenir lloc la 2\u00aa fermentaci\u00f3 en la pr\u00f2pia ampolla seguint el m\u00e8tode tradicional.\u00a0Tenin una crian\u00e7a superior\u00a0a 18 mesos.[\/vc_column_text][\/vc_column][\/vc_row]\n<\/div>","protected":false},"excerpt":{"rendered":"<h3 style=\"color: #b4bb6b;\">&#8212; Fitxa de degustaci\u00f3 &#8212;<\/h3>\n<p><strong>Color:<\/strong> Groc p\u00e0l\u00b7lid amb reflexos daurats, presenta un despreniment constant de fines bombolles amb una corona persistent.<\/p>\n<p><strong>Aroma:<\/strong> Molt arom\u00e0tic, aromes barrejades de notes torrades fruit de l&#8217;evoluci\u00f3 en contacte amb els llevats, d&#8217;acord amb les aromes a fruites, derivats de la pres\u00e8ncia de les varietats amb la qual es va elaborar.<\/p>\n<p><strong>Gust:<\/strong> Bon pas de boca suau i sabor\u00f3s, \u00e9s potent amb cos i consist\u00e8ncia. La seva llarga crian\u00e7a ho fa un cava molt personal i distingit.<\/p>\n<h3 style=\"color: #b4bb6b;\">&#8212; Gastronomia &#8212;<\/h3>\n<p>Es un cava indicat per a totes hores, ideal per acompanyar gran varietat de plats, des dels peixos i mariscs fins a les carns lleugeres, pastes i arrossos. Tamb\u00e9 \u00e9s un gran aperitiu. Servir entre 6 i 8\u00ba.<\/p>\n<p><a title=\"Veure fitxa\" href=\"https:\/\/www.grimau.com\/wp-content\/uploads\/2018\/03\/Trencadis-CAT.pdf\"  style=\" background-color:#b4bb6b; color:#ffffff;\"  class=\"sc_button  sc_button_skin_global sc_button_style_bg sc_button_size_medium\"  target=\"_blank\">Veure fitxa<\/a>\u00a0<a title=\"See file\" href=\"https:\/\/www.grimau.com\/wp-content\/uploads\/2016\/06\/CAVA-trencadis-ENG-Grimau.jpg\"  style=\" background-color:#b4bb6b; color:#ffffff;\"  class=\"sc_button  sc_button_skin_global sc_button_style_bg sc_button_size_medium\" >See file<\/a><\/p>\n","protected":false},"featured_media":6044,"comment_status":"closed","ping_status":"closed","template":"","meta":[],"product_brand":[],"product_cat":[188],"product_tag":[],"class_list":{"0":"post-6043","1":"product","2":"type-product","3":"status-publish","4":"has-post-thumbnail","6":"product_cat-caves","8":"first","9":"instock","10":"taxable","11":"shipping-taxable","12":"product-type-simple"},"yoast_head":"<!-- This site is optimized with the Yoast SEO plugin v27.4 - https:\/\/yoast.com\/product\/yoast-seo-wordpress\/ -->\n<title>Trencad\u00eds - Grimau<\/title>\n<meta name=\"robots\" content=\"index, follow, max-snippet:-1, max-image-preview:large, max-video-preview:-1\" \/>\n<link rel=\"canonical\" href=\"https:\/\/www.grimau.com\/ca\/producto\/trencadis\/\" \/>\n<meta property=\"og:locale\" content=\"ca_ES\" \/>\n<meta property=\"og:type\" content=\"article\" \/>\n<meta property=\"og:title\" content=\"Trencad\u00eds - Grimau\" \/>\n<meta property=\"og:description\" content=\"-- Fitxa de degustaci\u00f3 -- Color: Groc p\u00e0l\u00b7lid amb reflexos daurats, presenta un despreniment constant de fines bombolles amb una corona persistent.  Aroma: Molt arom\u00e0tic, aromes barrejades de notes torrades fruit de l&#039;evoluci\u00f3 en contacte amb els llevats, d&#039;acord amb les aromes a fruites, derivats de la pres\u00e8ncia de les varietats amb la qual es va elaborar.  Gust: Bon pas de boca suau i sabor\u00f3s, \u00e9s potent amb cos i consist\u00e8ncia. La seva llarga crian\u00e7a ho fa un cava molt personal i distingit. -- Gastronomia -- Es un cava indicat per a totes hores, ideal per acompanyar gran varietat de plats, des dels peixos i mariscs fins a les carns lleugeres, pastes i arrossos. Tamb\u00e9 \u00e9s un gran aperitiu. Servir entre 6 i 8\u00ba.  \u00a0\" \/>\n<meta property=\"og:url\" content=\"https:\/\/www.grimau.com\/ca\/producto\/trencadis\/\" \/>\n<meta property=\"og:site_name\" content=\"Grimau\" \/>\n<meta property=\"article:publisher\" content=\"https:\/\/www.facebook.com\/grimaucavas?fref=ts\" \/>\n<meta property=\"article:modified_time\" content=\"2018-03-01T10:28:05+00:00\" \/>\n<meta property=\"og:image\" content=\"https:\/\/www.grimau.com\/wp-content\/uploads\/2015\/10\/trencadis1.png\" \/>\n\t<meta property=\"og:image:width\" content=\"1577\" \/>\n\t<meta property=\"og:image:height\" content=\"1577\" \/>\n\t<meta property=\"og:image:type\" content=\"image\/png\" \/>\n<meta name=\"twitter:card\" content=\"summary_large_image\" \/>\n<meta name=\"twitter:site\" content=\"@cava_grimau\" \/>\n<script type=\"application\/ld+json\" class=\"yoast-schema-graph\">{\"@context\":\"https:\\\/\\\/schema.org\",\"@graph\":[{\"@type\":\"WebPage\",\"@id\":\"https:\\\/\\\/www.grimau.com\\\/ca\\\/producto\\\/trencadis\\\/\",\"url\":\"https:\\\/\\\/www.grimau.com\\\/ca\\\/producto\\\/trencadis\\\/\",\"name\":\"Trencad\u00eds - Grimau\",\"isPartOf\":{\"@id\":\"https:\\\/\\\/www.grimau.com\\\/#website\"},\"primaryImageOfPage\":{\"@id\":\"https:\\\/\\\/www.grimau.com\\\/ca\\\/producto\\\/trencadis\\\/#primaryimage\"},\"image\":{\"@id\":\"https:\\\/\\\/www.grimau.com\\\/ca\\\/producto\\\/trencadis\\\/#primaryimage\"},\"thumbnailUrl\":\"https:\\\/\\\/www.grimau.com\\\/wp-content\\\/uploads\\\/2015\\\/10\\\/trencadis1.png\",\"datePublished\":\"2015-10-20T20:44:43+00:00\",\"dateModified\":\"2018-03-01T10:28:05+00:00\",\"breadcrumb\":{\"@id\":\"https:\\\/\\\/www.grimau.com\\\/ca\\\/producto\\\/trencadis\\\/#breadcrumb\"},\"inLanguage\":\"ca\",\"potentialAction\":[{\"@type\":\"ReadAction\",\"target\":[\"https:\\\/\\\/www.grimau.com\\\/ca\\\/producto\\\/trencadis\\\/\"]}]},{\"@type\":\"ImageObject\",\"inLanguage\":\"ca\",\"@id\":\"https:\\\/\\\/www.grimau.com\\\/ca\\\/producto\\\/trencadis\\\/#primaryimage\",\"url\":\"https:\\\/\\\/www.grimau.com\\\/wp-content\\\/uploads\\\/2015\\\/10\\\/trencadis1.png\",\"contentUrl\":\"https:\\\/\\\/www.grimau.com\\\/wp-content\\\/uploads\\\/2015\\\/10\\\/trencadis1.png\",\"width\":1577,\"height\":1577},{\"@type\":\"BreadcrumbList\",\"@id\":\"https:\\\/\\\/www.grimau.com\\\/ca\\\/producto\\\/trencadis\\\/#breadcrumb\",\"itemListElement\":[{\"@type\":\"ListItem\",\"position\":1,\"name\":\"Portada\",\"item\":\"https:\\\/\\\/www.grimau.com\\\/ca\\\/\"},{\"@type\":\"ListItem\",\"position\":2,\"name\":\"Productos\",\"item\":\"https:\\\/\\\/www.grimau.com\\\/productos-2\\\/\"},{\"@type\":\"ListItem\",\"position\":3,\"name\":\"Trencad\u00eds\"}]},{\"@type\":\"WebSite\",\"@id\":\"https:\\\/\\\/www.grimau.com\\\/#website\",\"url\":\"https:\\\/\\\/www.grimau.com\\\/\",\"name\":\"Grimau\",\"description\":\"Vins i caves\",\"publisher\":{\"@id\":\"https:\\\/\\\/www.grimau.com\\\/#organization\"},\"potentialAction\":[{\"@type\":\"SearchAction\",\"target\":{\"@type\":\"EntryPoint\",\"urlTemplate\":\"https:\\\/\\\/www.grimau.com\\\/?s={search_term_string}\"},\"query-input\":{\"@type\":\"PropertyValueSpecification\",\"valueRequired\":true,\"valueName\":\"search_term_string\"}}],\"inLanguage\":\"ca\"},{\"@type\":\"Organization\",\"@id\":\"https:\\\/\\\/www.grimau.com\\\/#organization\",\"name\":\"Vi\u00f1a Torreblanca\",\"url\":\"https:\\\/\\\/www.grimau.com\\\/\",\"logo\":{\"@type\":\"ImageObject\",\"inLanguage\":\"ca\",\"@id\":\"https:\\\/\\\/www.grimau.com\\\/#\\\/schema\\\/logo\\\/image\\\/\",\"url\":\"https:\\\/\\\/www.grimau.com\\\/wp-content\\\/uploads\\\/2015\\\/11\\\/red-logo-grimau.png\",\"contentUrl\":\"https:\\\/\\\/www.grimau.com\\\/wp-content\\\/uploads\\\/2015\\\/11\\\/red-logo-grimau.png\",\"width\":400,\"height\":219,\"caption\":\"Vi\u00f1a Torreblanca\"},\"image\":{\"@id\":\"https:\\\/\\\/www.grimau.com\\\/#\\\/schema\\\/logo\\\/image\\\/\"},\"sameAs\":[\"https:\\\/\\\/www.facebook.com\\\/grimaucavas?fref=ts\",\"https:\\\/\\\/x.com\\\/cava_grimau\",\"https:\\\/\\\/www.instagram.com\\\/cavagrimau\\\/\",\"https:\\\/\\\/instagram.com\\\/cavagrimau\\\/\",\"https:\\\/\\\/es.pinterest.com\\\/pin\\\/551268810614675792\\\/\",\"https:\\\/\\\/www.youtube.com\\\/watch?time_continue=7&amp;amp;amp;amp;amp;amp;amp;amp;amp;amp;amp;amp;amp;amp;amp;amp;amp;amp;amp;amp;v=XAjWZ0nPhzk\"]}]}<\/script>\n<!-- \/ Yoast SEO plugin. -->","yoast_head_json":{"title":"Trencad\u00eds - Grimau","robots":{"index":"index","follow":"follow","max-snippet":"max-snippet:-1","max-image-preview":"max-image-preview:large","max-video-preview":"max-video-preview:-1"},"canonical":"https:\/\/www.grimau.com\/ca\/producto\/trencadis\/","og_locale":"ca_ES","og_type":"article","og_title":"Trencad\u00eds - Grimau","og_description":"-- Fitxa de degustaci\u00f3 -- Color: Groc p\u00e0l\u00b7lid amb reflexos daurats, presenta un despreniment constant de fines bombolles amb una corona persistent.  Aroma: Molt arom\u00e0tic, aromes barrejades de notes torrades fruit de l'evoluci\u00f3 en contacte amb els llevats, d'acord amb les aromes a fruites, derivats de la pres\u00e8ncia de les varietats amb la qual es va elaborar.  Gust: Bon pas de boca suau i sabor\u00f3s, \u00e9s potent amb cos i consist\u00e8ncia. La seva llarga crian\u00e7a ho fa un cava molt personal i distingit. -- Gastronomia -- Es un cava indicat per a totes hores, ideal per acompanyar gran varietat de plats, des dels peixos i mariscs fins a les carns lleugeres, pastes i arrossos. Tamb\u00e9 \u00e9s un gran aperitiu. Servir entre 6 i 8\u00ba.  \u00a0","og_url":"https:\/\/www.grimau.com\/ca\/producto\/trencadis\/","og_site_name":"Grimau","article_publisher":"https:\/\/www.facebook.com\/grimaucavas?fref=ts","article_modified_time":"2018-03-01T10:28:05+00:00","og_image":[{"width":1577,"height":1577,"url":"https:\/\/www.grimau.com\/wp-content\/uploads\/2015\/10\/trencadis1.png","type":"image\/png"}],"twitter_card":"summary_large_image","twitter_site":"@cava_grimau","schema":{"@context":"https:\/\/schema.org","@graph":[{"@type":"WebPage","@id":"https:\/\/www.grimau.com\/ca\/producto\/trencadis\/","url":"https:\/\/www.grimau.com\/ca\/producto\/trencadis\/","name":"Trencad\u00eds - Grimau","isPartOf":{"@id":"https:\/\/www.grimau.com\/#website"},"primaryImageOfPage":{"@id":"https:\/\/www.grimau.com\/ca\/producto\/trencadis\/#primaryimage"},"image":{"@id":"https:\/\/www.grimau.com\/ca\/producto\/trencadis\/#primaryimage"},"thumbnailUrl":"https:\/\/www.grimau.com\/wp-content\/uploads\/2015\/10\/trencadis1.png","datePublished":"2015-10-20T20:44:43+00:00","dateModified":"2018-03-01T10:28:05+00:00","breadcrumb":{"@id":"https:\/\/www.grimau.com\/ca\/producto\/trencadis\/#breadcrumb"},"inLanguage":"ca","potentialAction":[{"@type":"ReadAction","target":["https:\/\/www.grimau.com\/ca\/producto\/trencadis\/"]}]},{"@type":"ImageObject","inLanguage":"ca","@id":"https:\/\/www.grimau.com\/ca\/producto\/trencadis\/#primaryimage","url":"https:\/\/www.grimau.com\/wp-content\/uploads\/2015\/10\/trencadis1.png","contentUrl":"https:\/\/www.grimau.com\/wp-content\/uploads\/2015\/10\/trencadis1.png","width":1577,"height":1577},{"@type":"BreadcrumbList","@id":"https:\/\/www.grimau.com\/ca\/producto\/trencadis\/#breadcrumb","itemListElement":[{"@type":"ListItem","position":1,"name":"Portada","item":"https:\/\/www.grimau.com\/ca\/"},{"@type":"ListItem","position":2,"name":"Productos","item":"https:\/\/www.grimau.com\/productos-2\/"},{"@type":"ListItem","position":3,"name":"Trencad\u00eds"}]},{"@type":"WebSite","@id":"https:\/\/www.grimau.com\/#website","url":"https:\/\/www.grimau.com\/","name":"Grimau","description":"Vins i caves","publisher":{"@id":"https:\/\/www.grimau.com\/#organization"},"potentialAction":[{"@type":"SearchAction","target":{"@type":"EntryPoint","urlTemplate":"https:\/\/www.grimau.com\/?s={search_term_string}"},"query-input":{"@type":"PropertyValueSpecification","valueRequired":true,"valueName":"search_term_string"}}],"inLanguage":"ca"},{"@type":"Organization","@id":"https:\/\/www.grimau.com\/#organization","name":"Vi\u00f1a Torreblanca","url":"https:\/\/www.grimau.com\/","logo":{"@type":"ImageObject","inLanguage":"ca","@id":"https:\/\/www.grimau.com\/#\/schema\/logo\/image\/","url":"https:\/\/www.grimau.com\/wp-content\/uploads\/2015\/11\/red-logo-grimau.png","contentUrl":"https:\/\/www.grimau.com\/wp-content\/uploads\/2015\/11\/red-logo-grimau.png","width":400,"height":219,"caption":"Vi\u00f1a Torreblanca"},"image":{"@id":"https:\/\/www.grimau.com\/#\/schema\/logo\/image\/"},"sameAs":["https:\/\/www.facebook.com\/grimaucavas?fref=ts","https:\/\/x.com\/cava_grimau","https:\/\/www.instagram.com\/cavagrimau\/","https:\/\/instagram.com\/cavagrimau\/","https:\/\/es.pinterest.com\/pin\/551268810614675792\/","https:\/\/www.youtube.com\/watch?time_continue=7&amp;amp;amp;amp;amp;amp;amp;amp;amp;amp;amp;amp;amp;amp;amp;amp;amp;amp;amp;amp;v=XAjWZ0nPhzk"]}]}},"_links":{"self":[{"href":"https:\/\/www.grimau.com\/ca\/wp-json\/wp\/v2\/product\/6043","targetHints":{"allow":["GET"]}}],"collection":[{"href":"https:\/\/www.grimau.com\/ca\/wp-json\/wp\/v2\/product"}],"about":[{"href":"https:\/\/www.grimau.com\/ca\/wp-json\/wp\/v2\/types\/product"}],"replies":[{"embeddable":true,"href":"https:\/\/www.grimau.com\/ca\/wp-json\/wp\/v2\/comments?post=6043"}],"wp:featuredmedia":[{"embeddable":true,"href":"https:\/\/www.grimau.com\/ca\/wp-json\/wp\/v2\/media\/6044"}],"wp:attachment":[{"href":"https:\/\/www.grimau.com\/ca\/wp-json\/wp\/v2\/media?parent=6043"}],"wp:term":[{"taxonomy":"product_brand","embeddable":true,"href":"https:\/\/www.grimau.com\/ca\/wp-json\/wp\/v2\/product_brand?post=6043"},{"taxonomy":"product_cat","embeddable":true,"href":"https:\/\/www.grimau.com\/ca\/wp-json\/wp\/v2\/product_cat?post=6043"},{"taxonomy":"product_tag","embeddable":true,"href":"https:\/\/www.grimau.com\/ca\/wp-json\/wp\/v2\/product_tag?post=6043"}],"curies":[{"name":"wp","href":"https:\/\/api.w.org\/{rel}","templated":true}]}}