{"id":6041,"date":"2015-11-10T12:58:48","date_gmt":"2015-11-10T12:58:48","guid":{"rendered":"http:\/\/www.grimau.com\/producto\/gran-reserva\/"},"modified":"2018-03-01T10:33:51","modified_gmt":"2018-03-01T10:33:51","slug":"gran-reserva","status":"publish","type":"product","link":"https:\/\/www.grimau.com\/ca\/producto\/gran-reserva\/","title":{"rendered":"Gran Reserva"},"content":{"rendered":"<div class=\"wpb-content-wrapper\">[vc_row][vc_column][vc_empty_space][vc_column_text]\n<h6>\u00a0VARIETATS DE RA\u00cfM<\/h6>\n<p>Aquest cava ha estat elaborat exclusivament amb ra\u00efms seleccionats procedents de la nostra finca. Les varietats utilitzades han estat Chardonnay, Xarl\u00b7lo, Macabeo, Parellada i Pinot Noir.<\/p>\n<h6>CRIAN\u00c7A<\/h6>\n<p>Despr\u00e9s d&#8217;una estricta i delicada selecci\u00f3 dels nostres millors ra\u00efms, Realitzem la verema d&#8217;aquest cava. La pressi\u00f3 aplicada al ra\u00efm va ser baixa, per a poder obtenir el most flor, el qual dediquem per a l&#8217;elaboraci\u00f3 d&#8217;aquest cava gran reserva. La primera fermentaci\u00f3 va ser durant 20 dies a una temperatura constant de 15\u00baC. Posteriorment, es va fer el tiratge, embotellant 2.000 ampolles a m\u00e0 que van passar a la profunditat de la nostra cava on han realitzat la segona fermentaci\u00f3 i en la qual s&#8217;han criat per un espai de temps superior als 5 anys.[\/vc_column_text][\/vc_column][\/vc_row]\n<\/div>","protected":false},"excerpt":{"rendered":"<h3 style=\"color: #b4bb6b;\">&#8212; Fitxa de degustaci\u00f3 &#8212;<\/h3>\n<p><strong>Color:<\/strong> Groc or brillant amb reflexos palla, despr\u00e8n una fin\u00edssim bombolla i amb una corona persistent.<\/p>\n<p><strong>Aroma:<\/strong> De gran potencial arom\u00e0tic, amb aromes complexes procedents de la seva crian\u00e7a, fruita seca, brioche, poma rostida.<\/p>\n<p><strong>Gust:<\/strong> Un pas molt agradable en boca, crem\u00f3s, amb cos i consist\u00e8ncia. La seva llarga crian\u00e7a li proporciona un sabor delicat, amb tons de fruita setinada que lo fa un cava molt especial.<\/p>\n<h3 style=\"color: #b4bb6b;\">&#8212; Gastronomia &#8212;<\/h3>\n<p>Es un cava indicat per el seu delicat bouquet per acompanyar gran varietat de plats, des dels peixos i mariscs fins ales carns. Servir entre 5 i 7\u00ba.<\/p>\n<a title=\"Veure fitxa\" href=\"https:\/\/www.grimau.com\/wp-content\/uploads\/2018\/03\/Gran-Reserva-CAT.pdf\"  style=\" background-color:#b4bb6b; color:#ffffff;\"  class=\"sc_button  sc_button_skin_global sc_button_style_bg sc_button_size_medium ico icon-wine3\"  target=\"_blank\">Veure fitxa<\/a>\n","protected":false},"featured_media":6042,"comment_status":"closed","ping_status":"closed","template":"","meta":[],"product_brand":[],"product_cat":[188],"product_tag":[],"class_list":{"0":"post-6041","1":"product","2":"type-product","3":"status-publish","4":"has-post-thumbnail","6":"product_cat-caves","8":"first","9":"instock","10":"taxable","11":"shipping-taxable","12":"product-type-simple"},"yoast_head":"<!-- This site is optimized with the Yoast SEO plugin v27.4 - https:\/\/yoast.com\/product\/yoast-seo-wordpress\/ -->\n<title>Gran Reserva - Grimau<\/title>\n<meta name=\"robots\" content=\"index, follow, max-snippet:-1, max-image-preview:large, max-video-preview:-1\" \/>\n<link rel=\"canonical\" href=\"https:\/\/www.grimau.com\/ca\/producto\/gran-reserva\/\" \/>\n<meta property=\"og:locale\" content=\"ca_ES\" \/>\n<meta property=\"og:type\" content=\"article\" \/>\n<meta property=\"og:title\" content=\"Gran Reserva - Grimau\" \/>\n<meta property=\"og:description\" content=\"-- Fitxa de degustaci\u00f3 -- Color: Groc or brillant amb reflexos palla, despr\u00e8n una fin\u00edssim bombolla i amb una corona persistent.  Aroma: De gran potencial arom\u00e0tic, amb aromes complexes procedents de la seva crian\u00e7a, fruita seca, brioche, poma rostida.  Gust: Un pas molt agradable en boca, crem\u00f3s, amb cos i consist\u00e8ncia. La seva llarga crian\u00e7a li proporciona un sabor delicat, amb tons de fruita setinada que lo fa un cava molt especial. -- Gastronomia -- Es un cava indicat per el seu delicat bouquet per acompanyar gran varietat de plats, des dels peixos i mariscs fins ales carns. Servir entre 5 i 7\u00ba.\" \/>\n<meta property=\"og:url\" content=\"https:\/\/www.grimau.com\/ca\/producto\/gran-reserva\/\" \/>\n<meta property=\"og:site_name\" content=\"Grimau\" \/>\n<meta property=\"article:publisher\" content=\"https:\/\/www.facebook.com\/grimaucavas?fref=ts\" \/>\n<meta property=\"article:modified_time\" content=\"2018-03-01T10:33:51+00:00\" \/>\n<meta property=\"og:image\" content=\"https:\/\/www.grimau.com\/wp-content\/uploads\/2015\/11\/brut-nature-Grimau.png\" \/>\n\t<meta property=\"og:image:width\" content=\"1577\" \/>\n\t<meta property=\"og:image:height\" content=\"1577\" \/>\n\t<meta property=\"og:image:type\" content=\"image\/png\" \/>\n<meta name=\"twitter:card\" content=\"summary_large_image\" \/>\n<meta name=\"twitter:site\" content=\"@cava_grimau\" \/>\n<meta name=\"twitter:label1\" content=\"Temps estimat de lectura\" \/>\n\t<meta name=\"twitter:data1\" content=\"1 minut\" \/>\n<script type=\"application\/ld+json\" class=\"yoast-schema-graph\">{\"@context\":\"https:\\\/\\\/schema.org\",\"@graph\":[{\"@type\":\"WebPage\",\"@id\":\"https:\\\/\\\/www.grimau.com\\\/ca\\\/producto\\\/gran-reserva\\\/\",\"url\":\"https:\\\/\\\/www.grimau.com\\\/ca\\\/producto\\\/gran-reserva\\\/\",\"name\":\"Gran Reserva - Grimau\",\"isPartOf\":{\"@id\":\"https:\\\/\\\/www.grimau.com\\\/#website\"},\"primaryImageOfPage\":{\"@id\":\"https:\\\/\\\/www.grimau.com\\\/ca\\\/producto\\\/gran-reserva\\\/#primaryimage\"},\"image\":{\"@id\":\"https:\\\/\\\/www.grimau.com\\\/ca\\\/producto\\\/gran-reserva\\\/#primaryimage\"},\"thumbnailUrl\":\"https:\\\/\\\/www.grimau.com\\\/wp-content\\\/uploads\\\/2015\\\/11\\\/brut-nature-Grimau.png\",\"datePublished\":\"2015-11-10T12:58:48+00:00\",\"dateModified\":\"2018-03-01T10:33:51+00:00\",\"breadcrumb\":{\"@id\":\"https:\\\/\\\/www.grimau.com\\\/ca\\\/producto\\\/gran-reserva\\\/#breadcrumb\"},\"inLanguage\":\"ca\",\"potentialAction\":[{\"@type\":\"ReadAction\",\"target\":[\"https:\\\/\\\/www.grimau.com\\\/ca\\\/producto\\\/gran-reserva\\\/\"]}]},{\"@type\":\"ImageObject\",\"inLanguage\":\"ca\",\"@id\":\"https:\\\/\\\/www.grimau.com\\\/ca\\\/producto\\\/gran-reserva\\\/#primaryimage\",\"url\":\"https:\\\/\\\/www.grimau.com\\\/wp-content\\\/uploads\\\/2015\\\/11\\\/brut-nature-Grimau.png\",\"contentUrl\":\"https:\\\/\\\/www.grimau.com\\\/wp-content\\\/uploads\\\/2015\\\/11\\\/brut-nature-Grimau.png\",\"width\":1577,\"height\":1577},{\"@type\":\"BreadcrumbList\",\"@id\":\"https:\\\/\\\/www.grimau.com\\\/ca\\\/producto\\\/gran-reserva\\\/#breadcrumb\",\"itemListElement\":[{\"@type\":\"ListItem\",\"position\":1,\"name\":\"Portada\",\"item\":\"https:\\\/\\\/www.grimau.com\\\/ca\\\/\"},{\"@type\":\"ListItem\",\"position\":2,\"name\":\"Productos\",\"item\":\"https:\\\/\\\/www.grimau.com\\\/productos-2\\\/\"},{\"@type\":\"ListItem\",\"position\":3,\"name\":\"Gran Reserva\"}]},{\"@type\":\"WebSite\",\"@id\":\"https:\\\/\\\/www.grimau.com\\\/#website\",\"url\":\"https:\\\/\\\/www.grimau.com\\\/\",\"name\":\"Grimau\",\"description\":\"Vins i caves\",\"publisher\":{\"@id\":\"https:\\\/\\\/www.grimau.com\\\/#organization\"},\"potentialAction\":[{\"@type\":\"SearchAction\",\"target\":{\"@type\":\"EntryPoint\",\"urlTemplate\":\"https:\\\/\\\/www.grimau.com\\\/?s={search_term_string}\"},\"query-input\":{\"@type\":\"PropertyValueSpecification\",\"valueRequired\":true,\"valueName\":\"search_term_string\"}}],\"inLanguage\":\"ca\"},{\"@type\":\"Organization\",\"@id\":\"https:\\\/\\\/www.grimau.com\\\/#organization\",\"name\":\"Vi\u00f1a Torreblanca\",\"url\":\"https:\\\/\\\/www.grimau.com\\\/\",\"logo\":{\"@type\":\"ImageObject\",\"inLanguage\":\"ca\",\"@id\":\"https:\\\/\\\/www.grimau.com\\\/#\\\/schema\\\/logo\\\/image\\\/\",\"url\":\"https:\\\/\\\/www.grimau.com\\\/wp-content\\\/uploads\\\/2015\\\/11\\\/red-logo-grimau.png\",\"contentUrl\":\"https:\\\/\\\/www.grimau.com\\\/wp-content\\\/uploads\\\/2015\\\/11\\\/red-logo-grimau.png\",\"width\":400,\"height\":219,\"caption\":\"Vi\u00f1a Torreblanca\"},\"image\":{\"@id\":\"https:\\\/\\\/www.grimau.com\\\/#\\\/schema\\\/logo\\\/image\\\/\"},\"sameAs\":[\"https:\\\/\\\/www.facebook.com\\\/grimaucavas?fref=ts\",\"https:\\\/\\\/x.com\\\/cava_grimau\",\"https:\\\/\\\/www.instagram.com\\\/cavagrimau\\\/\",\"https:\\\/\\\/instagram.com\\\/cavagrimau\\\/\",\"https:\\\/\\\/es.pinterest.com\\\/pin\\\/551268810614675792\\\/\",\"https:\\\/\\\/www.youtube.com\\\/watch?time_continue=7&amp;amp;amp;amp;amp;amp;amp;amp;amp;amp;amp;amp;amp;amp;amp;amp;amp;amp;amp;amp;v=XAjWZ0nPhzk\"]}]}<\/script>\n<!-- \/ Yoast SEO plugin. -->","yoast_head_json":{"title":"Gran Reserva - Grimau","robots":{"index":"index","follow":"follow","max-snippet":"max-snippet:-1","max-image-preview":"max-image-preview:large","max-video-preview":"max-video-preview:-1"},"canonical":"https:\/\/www.grimau.com\/ca\/producto\/gran-reserva\/","og_locale":"ca_ES","og_type":"article","og_title":"Gran Reserva - Grimau","og_description":"-- Fitxa de degustaci\u00f3 -- Color: Groc or brillant amb reflexos palla, despr\u00e8n una fin\u00edssim bombolla i amb una corona persistent.  Aroma: De gran potencial arom\u00e0tic, amb aromes complexes procedents de la seva crian\u00e7a, fruita seca, brioche, poma rostida.  Gust: Un pas molt agradable en boca, crem\u00f3s, amb cos i consist\u00e8ncia. La seva llarga crian\u00e7a li proporciona un sabor delicat, amb tons de fruita setinada que lo fa un cava molt especial. -- Gastronomia -- Es un cava indicat per el seu delicat bouquet per acompanyar gran varietat de plats, des dels peixos i mariscs fins ales carns. Servir entre 5 i 7\u00ba.","og_url":"https:\/\/www.grimau.com\/ca\/producto\/gran-reserva\/","og_site_name":"Grimau","article_publisher":"https:\/\/www.facebook.com\/grimaucavas?fref=ts","article_modified_time":"2018-03-01T10:33:51+00:00","og_image":[{"width":1577,"height":1577,"url":"https:\/\/www.grimau.com\/wp-content\/uploads\/2015\/11\/brut-nature-Grimau.png","type":"image\/png"}],"twitter_card":"summary_large_image","twitter_site":"@cava_grimau","twitter_misc":{"Temps estimat de lectura":"1 minut"},"schema":{"@context":"https:\/\/schema.org","@graph":[{"@type":"WebPage","@id":"https:\/\/www.grimau.com\/ca\/producto\/gran-reserva\/","url":"https:\/\/www.grimau.com\/ca\/producto\/gran-reserva\/","name":"Gran Reserva - Grimau","isPartOf":{"@id":"https:\/\/www.grimau.com\/#website"},"primaryImageOfPage":{"@id":"https:\/\/www.grimau.com\/ca\/producto\/gran-reserva\/#primaryimage"},"image":{"@id":"https:\/\/www.grimau.com\/ca\/producto\/gran-reserva\/#primaryimage"},"thumbnailUrl":"https:\/\/www.grimau.com\/wp-content\/uploads\/2015\/11\/brut-nature-Grimau.png","datePublished":"2015-11-10T12:58:48+00:00","dateModified":"2018-03-01T10:33:51+00:00","breadcrumb":{"@id":"https:\/\/www.grimau.com\/ca\/producto\/gran-reserva\/#breadcrumb"},"inLanguage":"ca","potentialAction":[{"@type":"ReadAction","target":["https:\/\/www.grimau.com\/ca\/producto\/gran-reserva\/"]}]},{"@type":"ImageObject","inLanguage":"ca","@id":"https:\/\/www.grimau.com\/ca\/producto\/gran-reserva\/#primaryimage","url":"https:\/\/www.grimau.com\/wp-content\/uploads\/2015\/11\/brut-nature-Grimau.png","contentUrl":"https:\/\/www.grimau.com\/wp-content\/uploads\/2015\/11\/brut-nature-Grimau.png","width":1577,"height":1577},{"@type":"BreadcrumbList","@id":"https:\/\/www.grimau.com\/ca\/producto\/gran-reserva\/#breadcrumb","itemListElement":[{"@type":"ListItem","position":1,"name":"Portada","item":"https:\/\/www.grimau.com\/ca\/"},{"@type":"ListItem","position":2,"name":"Productos","item":"https:\/\/www.grimau.com\/productos-2\/"},{"@type":"ListItem","position":3,"name":"Gran Reserva"}]},{"@type":"WebSite","@id":"https:\/\/www.grimau.com\/#website","url":"https:\/\/www.grimau.com\/","name":"Grimau","description":"Vins i caves","publisher":{"@id":"https:\/\/www.grimau.com\/#organization"},"potentialAction":[{"@type":"SearchAction","target":{"@type":"EntryPoint","urlTemplate":"https:\/\/www.grimau.com\/?s={search_term_string}"},"query-input":{"@type":"PropertyValueSpecification","valueRequired":true,"valueName":"search_term_string"}}],"inLanguage":"ca"},{"@type":"Organization","@id":"https:\/\/www.grimau.com\/#organization","name":"Vi\u00f1a Torreblanca","url":"https:\/\/www.grimau.com\/","logo":{"@type":"ImageObject","inLanguage":"ca","@id":"https:\/\/www.grimau.com\/#\/schema\/logo\/image\/","url":"https:\/\/www.grimau.com\/wp-content\/uploads\/2015\/11\/red-logo-grimau.png","contentUrl":"https:\/\/www.grimau.com\/wp-content\/uploads\/2015\/11\/red-logo-grimau.png","width":400,"height":219,"caption":"Vi\u00f1a Torreblanca"},"image":{"@id":"https:\/\/www.grimau.com\/#\/schema\/logo\/image\/"},"sameAs":["https:\/\/www.facebook.com\/grimaucavas?fref=ts","https:\/\/x.com\/cava_grimau","https:\/\/www.instagram.com\/cavagrimau\/","https:\/\/instagram.com\/cavagrimau\/","https:\/\/es.pinterest.com\/pin\/551268810614675792\/","https:\/\/www.youtube.com\/watch?time_continue=7&amp;amp;amp;amp;amp;amp;amp;amp;amp;amp;amp;amp;amp;amp;amp;amp;amp;amp;amp;amp;v=XAjWZ0nPhzk"]}]}},"_links":{"self":[{"href":"https:\/\/www.grimau.com\/ca\/wp-json\/wp\/v2\/product\/6041","targetHints":{"allow":["GET"]}}],"collection":[{"href":"https:\/\/www.grimau.com\/ca\/wp-json\/wp\/v2\/product"}],"about":[{"href":"https:\/\/www.grimau.com\/ca\/wp-json\/wp\/v2\/types\/product"}],"replies":[{"embeddable":true,"href":"https:\/\/www.grimau.com\/ca\/wp-json\/wp\/v2\/comments?post=6041"}],"wp:featuredmedia":[{"embeddable":true,"href":"https:\/\/www.grimau.com\/ca\/wp-json\/wp\/v2\/media\/6042"}],"wp:attachment":[{"href":"https:\/\/www.grimau.com\/ca\/wp-json\/wp\/v2\/media?parent=6041"}],"wp:term":[{"taxonomy":"product_brand","embeddable":true,"href":"https:\/\/www.grimau.com\/ca\/wp-json\/wp\/v2\/product_brand?post=6041"},{"taxonomy":"product_cat","embeddable":true,"href":"https:\/\/www.grimau.com\/ca\/wp-json\/wp\/v2\/product_cat?post=6041"},{"taxonomy":"product_tag","embeddable":true,"href":"https:\/\/www.grimau.com\/ca\/wp-json\/wp\/v2\/product_tag?post=6041"}],"curies":[{"name":"wp","href":"https:\/\/api.w.org\/{rel}","templated":true}]}}