{"id":6035,"date":"2015-10-20T21:03:53","date_gmt":"2015-10-20T21:03:53","guid":{"rendered":"http:\/\/www.grimau.com\/producto\/semi-sec\/"},"modified":"2018-03-01T10:29:10","modified_gmt":"2018-03-01T10:29:10","slug":"semi-sec","status":"publish","type":"product","link":"https:\/\/www.grimau.com\/ca\/producto\/semi-sec\/","title":{"rendered":"Semi sec"},"content":{"rendered":"<div class=\"wpb-content-wrapper\">[vc_row][vc_column][vc_empty_space][vc_column_text]\n<h6>\u00a0VARIETATS DE RA\u00cfM<\/h6>\n<p>Aquest cava ha estat elaborat exclusivament amb ra\u00efms seleccionat. Les varietats utilitzades han estat Xarel\u00b7lo, Macabeu i Parellada.<\/p>\n<h6>CRIAN\u00c7A<\/h6>\n<p>Un cop fet el cupatge les ampolles van passar a la nostra cava, on han tingut una crian\u00e7a per un espai de temps superior als 12 mesos. Per aquest producte s&#8217;han embotellat nom\u00e9s 20.000 ampolles.[\/vc_column_text][\/vc_column][\/vc_row]\n<\/div>","protected":false},"excerpt":{"rendered":"<h3 style=\"color: #b4bb6b;\">&#8212; Fitxa de degustaci\u00f3 &#8212;<\/h3>\n<p><strong>Color:<\/strong>\u00a0Groc palla amb rivets verdosos, brillant i de fines i constants bombolles.<\/p>\n<p><strong>Aroma:<\/strong>\u00a0Conjunt d&#8217;aromes prim\u00e0ries a fruites verdes, combinat amb aromes complexes procedents de la seva fermentaci\u00f3.<\/p>\n<p><strong>Gust:<\/strong> Fi\u00a0i transparent,\u00a0\u00a0on predominen\u00a0els sabors a fruites como la poma i la pnya. Combinats\u00a0amb un gust dol\u00e7\u00a0a causa\u00a0de l&#8217;addici\u00f3 de licor d&#8217;expedici\u00f3.<\/p>\n<h3 style=\"color: #b4bb6b;\">&#8212; GastronomIa &#8212;<\/h3>\n<p>\u00c9s un cava indicat per totes hores, perfecte per\u00a0acompanyar gran varietat de plats des dels peixos i mariscs fins les carns lleugeres, pastes i arrossos. Tambi\u00e9\u00a0es pot prendre\u00a0per postres. Servir entre 6\u00a0i 8\u00ba.<\/p>\n<p><a title=\"Veure fitxa\" href=\"https:\/\/www.grimau.com\/wp-content\/uploads\/2018\/03\/Semi-Sec-CAT.pdf\"  style=\" background-color:#b4bb6b; color:#ffffff;\"  class=\"sc_button  sc_button_skin_global sc_button_style_bg sc_button_size_medium\"  target=\"_blank\">Veure fitxa<\/a>\u00a0<a title=\"See file\" href=\"https:\/\/www.grimau.com\/wp-content\/uploads\/2016\/06\/CAVA-semi-sec-ENG-Grimau.jpg\"  style=\" background-color:#b4bb6b; color:#ffffff;\"  class=\"sc_button  sc_button_skin_global sc_button_style_bg sc_button_size_medium\" >See file<\/a><\/p>\n","protected":false},"featured_media":6036,"comment_status":"closed","ping_status":"closed","template":"","meta":[],"product_brand":[],"product_cat":[188,189],"product_tag":[],"class_list":{"0":"post-6035","1":"product","2":"type-product","3":"status-publish","4":"has-post-thumbnail","6":"product_cat-caves","7":"product_cat-vins","9":"first","10":"instock","11":"taxable","12":"shipping-taxable","13":"product-type-simple"},"yoast_head":"<!-- This site is optimized with the Yoast SEO plugin v27.4 - https:\/\/yoast.com\/product\/yoast-seo-wordpress\/ -->\n<title>Semi sec - Grimau<\/title>\n<meta name=\"robots\" content=\"index, follow, max-snippet:-1, max-image-preview:large, max-video-preview:-1\" \/>\n<link rel=\"canonical\" href=\"https:\/\/www.grimau.com\/ca\/producto\/semi-sec\/\" \/>\n<meta property=\"og:locale\" content=\"ca_ES\" \/>\n<meta property=\"og:type\" content=\"article\" \/>\n<meta property=\"og:title\" content=\"Semi sec - Grimau\" \/>\n<meta property=\"og:description\" content=\"-- Fitxa de degustaci\u00f3 -- Color:\u00a0Groc palla amb rivets verdosos, brillant i de fines i constants bombolles.  Aroma:\u00a0Conjunt d&#039;aromes prim\u00e0ries a fruites verdes, combinat amb aromes complexes procedents de la seva fermentaci\u00f3.  Gust: Fi\u00a0i transparent,\u00a0\u00a0on predominen\u00a0els sabors a fruites como la poma i la pnya. Combinats\u00a0amb un gust dol\u00e7\u00a0a causa\u00a0de l&#039;addici\u00f3 de licor d&#039;expedici\u00f3. -- GastronomIa -- \u00c9s un cava indicat per totes hores, perfecte per\u00a0acompanyar gran varietat de plats des dels peixos i mariscs fins les carns lleugeres, pastes i arrossos. Tambi\u00e9\u00a0es pot prendre\u00a0per postres. Servir entre 6\u00a0i 8\u00ba.  \u00a0\" \/>\n<meta property=\"og:url\" content=\"https:\/\/www.grimau.com\/ca\/producto\/semi-sec\/\" \/>\n<meta property=\"og:site_name\" content=\"Grimau\" \/>\n<meta property=\"article:publisher\" content=\"https:\/\/www.facebook.com\/grimaucavas?fref=ts\" \/>\n<meta property=\"article:modified_time\" content=\"2018-03-01T10:29:10+00:00\" \/>\n<meta property=\"og:image\" content=\"https:\/\/www.grimau.com\/wp-content\/uploads\/2015\/10\/grimau_semi_sec_midres.png\" \/>\n\t<meta property=\"og:image:width\" content=\"1577\" \/>\n\t<meta property=\"og:image:height\" content=\"1577\" \/>\n\t<meta property=\"og:image:type\" content=\"image\/png\" \/>\n<meta name=\"twitter:card\" content=\"summary_large_image\" \/>\n<meta name=\"twitter:site\" content=\"@cava_grimau\" \/>\n<script type=\"application\/ld+json\" class=\"yoast-schema-graph\">{\"@context\":\"https:\\\/\\\/schema.org\",\"@graph\":[{\"@type\":\"WebPage\",\"@id\":\"https:\\\/\\\/www.grimau.com\\\/ca\\\/producto\\\/semi-sec\\\/\",\"url\":\"https:\\\/\\\/www.grimau.com\\\/ca\\\/producto\\\/semi-sec\\\/\",\"name\":\"Semi sec - Grimau\",\"isPartOf\":{\"@id\":\"https:\\\/\\\/www.grimau.com\\\/#website\"},\"primaryImageOfPage\":{\"@id\":\"https:\\\/\\\/www.grimau.com\\\/ca\\\/producto\\\/semi-sec\\\/#primaryimage\"},\"image\":{\"@id\":\"https:\\\/\\\/www.grimau.com\\\/ca\\\/producto\\\/semi-sec\\\/#primaryimage\"},\"thumbnailUrl\":\"https:\\\/\\\/www.grimau.com\\\/wp-content\\\/uploads\\\/2015\\\/10\\\/grimau_semi_sec_midres.png\",\"datePublished\":\"2015-10-20T21:03:53+00:00\",\"dateModified\":\"2018-03-01T10:29:10+00:00\",\"breadcrumb\":{\"@id\":\"https:\\\/\\\/www.grimau.com\\\/ca\\\/producto\\\/semi-sec\\\/#breadcrumb\"},\"inLanguage\":\"ca\",\"potentialAction\":[{\"@type\":\"ReadAction\",\"target\":[\"https:\\\/\\\/www.grimau.com\\\/ca\\\/producto\\\/semi-sec\\\/\"]}]},{\"@type\":\"ImageObject\",\"inLanguage\":\"ca\",\"@id\":\"https:\\\/\\\/www.grimau.com\\\/ca\\\/producto\\\/semi-sec\\\/#primaryimage\",\"url\":\"https:\\\/\\\/www.grimau.com\\\/wp-content\\\/uploads\\\/2015\\\/10\\\/grimau_semi_sec_midres.png\",\"contentUrl\":\"https:\\\/\\\/www.grimau.com\\\/wp-content\\\/uploads\\\/2015\\\/10\\\/grimau_semi_sec_midres.png\",\"width\":1577,\"height\":1577},{\"@type\":\"BreadcrumbList\",\"@id\":\"https:\\\/\\\/www.grimau.com\\\/ca\\\/producto\\\/semi-sec\\\/#breadcrumb\",\"itemListElement\":[{\"@type\":\"ListItem\",\"position\":1,\"name\":\"Portada\",\"item\":\"https:\\\/\\\/www.grimau.com\\\/ca\\\/\"},{\"@type\":\"ListItem\",\"position\":2,\"name\":\"Productos\",\"item\":\"https:\\\/\\\/www.grimau.com\\\/productos-2\\\/\"},{\"@type\":\"ListItem\",\"position\":3,\"name\":\"Semi sec\"}]},{\"@type\":\"WebSite\",\"@id\":\"https:\\\/\\\/www.grimau.com\\\/#website\",\"url\":\"https:\\\/\\\/www.grimau.com\\\/\",\"name\":\"Grimau\",\"description\":\"Vins i caves\",\"publisher\":{\"@id\":\"https:\\\/\\\/www.grimau.com\\\/#organization\"},\"potentialAction\":[{\"@type\":\"SearchAction\",\"target\":{\"@type\":\"EntryPoint\",\"urlTemplate\":\"https:\\\/\\\/www.grimau.com\\\/?s={search_term_string}\"},\"query-input\":{\"@type\":\"PropertyValueSpecification\",\"valueRequired\":true,\"valueName\":\"search_term_string\"}}],\"inLanguage\":\"ca\"},{\"@type\":\"Organization\",\"@id\":\"https:\\\/\\\/www.grimau.com\\\/#organization\",\"name\":\"Vi\u00f1a Torreblanca\",\"url\":\"https:\\\/\\\/www.grimau.com\\\/\",\"logo\":{\"@type\":\"ImageObject\",\"inLanguage\":\"ca\",\"@id\":\"https:\\\/\\\/www.grimau.com\\\/#\\\/schema\\\/logo\\\/image\\\/\",\"url\":\"https:\\\/\\\/www.grimau.com\\\/wp-content\\\/uploads\\\/2015\\\/11\\\/red-logo-grimau.png\",\"contentUrl\":\"https:\\\/\\\/www.grimau.com\\\/wp-content\\\/uploads\\\/2015\\\/11\\\/red-logo-grimau.png\",\"width\":400,\"height\":219,\"caption\":\"Vi\u00f1a Torreblanca\"},\"image\":{\"@id\":\"https:\\\/\\\/www.grimau.com\\\/#\\\/schema\\\/logo\\\/image\\\/\"},\"sameAs\":[\"https:\\\/\\\/www.facebook.com\\\/grimaucavas?fref=ts\",\"https:\\\/\\\/x.com\\\/cava_grimau\",\"https:\\\/\\\/www.instagram.com\\\/cavagrimau\\\/\",\"https:\\\/\\\/instagram.com\\\/cavagrimau\\\/\",\"https:\\\/\\\/es.pinterest.com\\\/pin\\\/551268810614675792\\\/\",\"https:\\\/\\\/www.youtube.com\\\/watch?time_continue=7&amp;amp;amp;amp;amp;amp;amp;amp;amp;amp;amp;amp;amp;amp;amp;amp;amp;amp;amp;amp;v=XAjWZ0nPhzk\"]}]}<\/script>\n<!-- \/ Yoast SEO plugin. -->","yoast_head_json":{"title":"Semi sec - Grimau","robots":{"index":"index","follow":"follow","max-snippet":"max-snippet:-1","max-image-preview":"max-image-preview:large","max-video-preview":"max-video-preview:-1"},"canonical":"https:\/\/www.grimau.com\/ca\/producto\/semi-sec\/","og_locale":"ca_ES","og_type":"article","og_title":"Semi sec - Grimau","og_description":"-- Fitxa de degustaci\u00f3 -- Color:\u00a0Groc palla amb rivets verdosos, brillant i de fines i constants bombolles.  Aroma:\u00a0Conjunt d'aromes prim\u00e0ries a fruites verdes, combinat amb aromes complexes procedents de la seva fermentaci\u00f3.  Gust: Fi\u00a0i transparent,\u00a0\u00a0on predominen\u00a0els sabors a fruites como la poma i la pnya. Combinats\u00a0amb un gust dol\u00e7\u00a0a causa\u00a0de l'addici\u00f3 de licor d'expedici\u00f3. -- GastronomIa -- \u00c9s un cava indicat per totes hores, perfecte per\u00a0acompanyar gran varietat de plats des dels peixos i mariscs fins les carns lleugeres, pastes i arrossos. Tambi\u00e9\u00a0es pot prendre\u00a0per postres. Servir entre 6\u00a0i 8\u00ba.  \u00a0","og_url":"https:\/\/www.grimau.com\/ca\/producto\/semi-sec\/","og_site_name":"Grimau","article_publisher":"https:\/\/www.facebook.com\/grimaucavas?fref=ts","article_modified_time":"2018-03-01T10:29:10+00:00","og_image":[{"width":1577,"height":1577,"url":"https:\/\/www.grimau.com\/wp-content\/uploads\/2015\/10\/grimau_semi_sec_midres.png","type":"image\/png"}],"twitter_card":"summary_large_image","twitter_site":"@cava_grimau","schema":{"@context":"https:\/\/schema.org","@graph":[{"@type":"WebPage","@id":"https:\/\/www.grimau.com\/ca\/producto\/semi-sec\/","url":"https:\/\/www.grimau.com\/ca\/producto\/semi-sec\/","name":"Semi sec - Grimau","isPartOf":{"@id":"https:\/\/www.grimau.com\/#website"},"primaryImageOfPage":{"@id":"https:\/\/www.grimau.com\/ca\/producto\/semi-sec\/#primaryimage"},"image":{"@id":"https:\/\/www.grimau.com\/ca\/producto\/semi-sec\/#primaryimage"},"thumbnailUrl":"https:\/\/www.grimau.com\/wp-content\/uploads\/2015\/10\/grimau_semi_sec_midres.png","datePublished":"2015-10-20T21:03:53+00:00","dateModified":"2018-03-01T10:29:10+00:00","breadcrumb":{"@id":"https:\/\/www.grimau.com\/ca\/producto\/semi-sec\/#breadcrumb"},"inLanguage":"ca","potentialAction":[{"@type":"ReadAction","target":["https:\/\/www.grimau.com\/ca\/producto\/semi-sec\/"]}]},{"@type":"ImageObject","inLanguage":"ca","@id":"https:\/\/www.grimau.com\/ca\/producto\/semi-sec\/#primaryimage","url":"https:\/\/www.grimau.com\/wp-content\/uploads\/2015\/10\/grimau_semi_sec_midres.png","contentUrl":"https:\/\/www.grimau.com\/wp-content\/uploads\/2015\/10\/grimau_semi_sec_midres.png","width":1577,"height":1577},{"@type":"BreadcrumbList","@id":"https:\/\/www.grimau.com\/ca\/producto\/semi-sec\/#breadcrumb","itemListElement":[{"@type":"ListItem","position":1,"name":"Portada","item":"https:\/\/www.grimau.com\/ca\/"},{"@type":"ListItem","position":2,"name":"Productos","item":"https:\/\/www.grimau.com\/productos-2\/"},{"@type":"ListItem","position":3,"name":"Semi sec"}]},{"@type":"WebSite","@id":"https:\/\/www.grimau.com\/#website","url":"https:\/\/www.grimau.com\/","name":"Grimau","description":"Vins i caves","publisher":{"@id":"https:\/\/www.grimau.com\/#organization"},"potentialAction":[{"@type":"SearchAction","target":{"@type":"EntryPoint","urlTemplate":"https:\/\/www.grimau.com\/?s={search_term_string}"},"query-input":{"@type":"PropertyValueSpecification","valueRequired":true,"valueName":"search_term_string"}}],"inLanguage":"ca"},{"@type":"Organization","@id":"https:\/\/www.grimau.com\/#organization","name":"Vi\u00f1a Torreblanca","url":"https:\/\/www.grimau.com\/","logo":{"@type":"ImageObject","inLanguage":"ca","@id":"https:\/\/www.grimau.com\/#\/schema\/logo\/image\/","url":"https:\/\/www.grimau.com\/wp-content\/uploads\/2015\/11\/red-logo-grimau.png","contentUrl":"https:\/\/www.grimau.com\/wp-content\/uploads\/2015\/11\/red-logo-grimau.png","width":400,"height":219,"caption":"Vi\u00f1a Torreblanca"},"image":{"@id":"https:\/\/www.grimau.com\/#\/schema\/logo\/image\/"},"sameAs":["https:\/\/www.facebook.com\/grimaucavas?fref=ts","https:\/\/x.com\/cava_grimau","https:\/\/www.instagram.com\/cavagrimau\/","https:\/\/instagram.com\/cavagrimau\/","https:\/\/es.pinterest.com\/pin\/551268810614675792\/","https:\/\/www.youtube.com\/watch?time_continue=7&amp;amp;amp;amp;amp;amp;amp;amp;amp;amp;amp;amp;amp;amp;amp;amp;amp;amp;amp;amp;v=XAjWZ0nPhzk"]}]}},"_links":{"self":[{"href":"https:\/\/www.grimau.com\/ca\/wp-json\/wp\/v2\/product\/6035","targetHints":{"allow":["GET"]}}],"collection":[{"href":"https:\/\/www.grimau.com\/ca\/wp-json\/wp\/v2\/product"}],"about":[{"href":"https:\/\/www.grimau.com\/ca\/wp-json\/wp\/v2\/types\/product"}],"replies":[{"embeddable":true,"href":"https:\/\/www.grimau.com\/ca\/wp-json\/wp\/v2\/comments?post=6035"}],"wp:featuredmedia":[{"embeddable":true,"href":"https:\/\/www.grimau.com\/ca\/wp-json\/wp\/v2\/media\/6036"}],"wp:attachment":[{"href":"https:\/\/www.grimau.com\/ca\/wp-json\/wp\/v2\/media?parent=6035"}],"wp:term":[{"taxonomy":"product_brand","embeddable":true,"href":"https:\/\/www.grimau.com\/ca\/wp-json\/wp\/v2\/product_brand?post=6035"},{"taxonomy":"product_cat","embeddable":true,"href":"https:\/\/www.grimau.com\/ca\/wp-json\/wp\/v2\/product_cat?post=6035"},{"taxonomy":"product_tag","embeddable":true,"href":"https:\/\/www.grimau.com\/ca\/wp-json\/wp\/v2\/product_tag?post=6035"}],"curies":[{"name":"wp","href":"https:\/\/api.w.org\/{rel}","templated":true}]}}