{"id":6199,"date":"2017-11-10T10:58:43","date_gmt":"2017-11-10T10:58:43","guid":{"rendered":"http:\/\/www.grimau.com\/?page_id=6199"},"modified":"2017-11-10T10:58:43","modified_gmt":"2017-11-10T10:58:43","slug":"productes","status":"publish","type":"page","link":"https:\/\/www.grimau.com\/ca\/productes\/","title":{"rendered":"Productes"},"content":{"rendered":"<div class=\"wpb-content-wrapper\">[vc_row][vc_column]<p class=\"sc_dropcaps sc_dropcaps_style_1\" ><span class=\"sc_dropcap\">E<\/span>ls nostres caves com Grimau amb el seu Brut Nature inciten al consum sense pors, per qualitat i preu. Una proposta des de la seva cava base, amb molt bons fonaments del que suposa l&#8217;elaboraci\u00f3 d&#8217;escumosos per Grimau.<\/p>\n<p>Un cava que fusiona al nas les diferents facetes que la pr\u00f2pia elaboraci\u00f3 d&#8217;aquests vins li atorguen. Aromes de fruita amb dosis de maduresa, juntament aromes de pastisseria que reflecteixen les seves llevats, aix\u00ed com traces de fruits secs i suaus torrats, aportat per la crian\u00e7a en b\u00f3ta. La proporci\u00f3 de xarel.lo ens permetr\u00e0 gaudir durant m\u00e9s temps en perfecte estat. Un cava gust\u00f3s i sabor\u00f3s en boca, amb un bon desenvolupament de frescor en tot el seu pas, deixant sensacions de regal\u00e8ssia i ametlles.<\/p><blockquote class=\"sc_quote sc_quote_style_1\"><p><strong>Creem moments, creem emocions.<\/strong><\/p><\/blockquote>[vc_column_text]Quan un cava es presenta amb bona intensitat en boca, amb bombolla sense exc\u00e9s d&#8217;acidesa, amb fruita i tocs de crian\u00e7a, probablement podem emprar com a aperitiu, al costat de multitud de plats i al final per relaxar-nos amb bona companyia i una millor conversa.[\/vc_column_text][\/vc_column][\/vc_row]\n<\/div>","protected":false},"excerpt":{"rendered":"[vc_row][vc_column][vc_column_text]Quan un cava es presenta amb bona intensitat en boca, amb bombolla sense exc\u00e9s d&#8217;acidesa, amb fruita i tocs de crian\u00e7a, probablement podem emprar com a aperitiu, al costat de multitud de plats i al final per relaxar-nos amb bona companyia i una millor conversa.[\/vc_column_text][\/vc_column][\/vc_row]\n","protected":false},"author":4,"featured_media":0,"parent":0,"menu_order":13,"comment_status":"closed","ping_status":"closed","template":"","meta":{"footnotes":""},"class_list":["post-6199","page","type-page","status-publish","hentry"],"yoast_head":"<!-- This site is optimized with the Yoast SEO plugin v27.4 - https:\/\/yoast.com\/product\/yoast-seo-wordpress\/ -->\n<title>Productes - Grimau<\/title>\n<meta name=\"robots\" content=\"index, follow, max-snippet:-1, max-image-preview:large, max-video-preview:-1\" \/>\n<link rel=\"canonical\" href=\"https:\/\/www.grimau.com\/ca\/productes\/\" \/>\n<meta property=\"og:locale\" content=\"ca_ES\" \/>\n<meta property=\"og:type\" content=\"article\" \/>\n<meta property=\"og:title\" content=\"Productes - Grimau\" \/>\n<meta property=\"og:description\" content=\"[vc_row][vc_column][vc_column_text]Quan un cava es presenta amb bona intensitat en boca, amb bombolla sense exc\u00e9s d&#8217;acidesa, amb fruita i tocs de crian\u00e7a, probablement podem emprar com a aperitiu, al costat de multitud de plats i al final per relaxar-nos amb bona companyia i una millor conversa.[\/vc_column_text][\/vc_column][\/vc_row]\" \/>\n<meta property=\"og:url\" content=\"https:\/\/www.grimau.com\/ca\/productes\/\" \/>\n<meta property=\"og:site_name\" content=\"Grimau\" \/>\n<meta property=\"article:publisher\" content=\"https:\/\/www.facebook.com\/grimaucavas?fref=ts\" \/>\n<meta property=\"og:image\" content=\"https:\/\/www.grimau.com\/wp-content\/uploads\/2015\/11\/red-logo-grimau.png\" \/>\n<meta name=\"twitter:card\" content=\"summary_large_image\" \/>\n<meta name=\"twitter:site\" content=\"@cava_grimau\" \/>\n<meta name=\"twitter:label1\" content=\"Temps estimat de lectura\" \/>\n\t<meta name=\"twitter:data1\" content=\"1 minut\" \/>\n<script type=\"application\/ld+json\" class=\"yoast-schema-graph\">{\"@context\":\"https:\\\/\\\/schema.org\",\"@graph\":[{\"@type\":\"WebPage\",\"@id\":\"https:\\\/\\\/www.grimau.com\\\/ca\\\/productes\\\/\",\"url\":\"https:\\\/\\\/www.grimau.com\\\/ca\\\/productes\\\/\",\"name\":\"Productes - Grimau\",\"isPartOf\":{\"@id\":\"https:\\\/\\\/www.grimau.com\\\/#website\"},\"datePublished\":\"2017-11-10T10:58:43+00:00\",\"breadcrumb\":{\"@id\":\"https:\\\/\\\/www.grimau.com\\\/ca\\\/productes\\\/#breadcrumb\"},\"inLanguage\":\"ca\",\"potentialAction\":[{\"@type\":\"ReadAction\",\"target\":[\"https:\\\/\\\/www.grimau.com\\\/ca\\\/productes\\\/\"]}]},{\"@type\":\"BreadcrumbList\",\"@id\":\"https:\\\/\\\/www.grimau.com\\\/ca\\\/productes\\\/#breadcrumb\",\"itemListElement\":[{\"@type\":\"ListItem\",\"position\":1,\"name\":\"Portada\",\"item\":\"https:\\\/\\\/www.grimau.com\\\/ca\\\/\"},{\"@type\":\"ListItem\",\"position\":2,\"name\":\"Productes\"}]},{\"@type\":\"WebSite\",\"@id\":\"https:\\\/\\\/www.grimau.com\\\/#website\",\"url\":\"https:\\\/\\\/www.grimau.com\\\/\",\"name\":\"Grimau\",\"description\":\"Vins i caves\",\"publisher\":{\"@id\":\"https:\\\/\\\/www.grimau.com\\\/#organization\"},\"potentialAction\":[{\"@type\":\"SearchAction\",\"target\":{\"@type\":\"EntryPoint\",\"urlTemplate\":\"https:\\\/\\\/www.grimau.com\\\/?s={search_term_string}\"},\"query-input\":{\"@type\":\"PropertyValueSpecification\",\"valueRequired\":true,\"valueName\":\"search_term_string\"}}],\"inLanguage\":\"ca\"},{\"@type\":\"Organization\",\"@id\":\"https:\\\/\\\/www.grimau.com\\\/#organization\",\"name\":\"Vi\u00f1a Torreblanca\",\"url\":\"https:\\\/\\\/www.grimau.com\\\/\",\"logo\":{\"@type\":\"ImageObject\",\"inLanguage\":\"ca\",\"@id\":\"https:\\\/\\\/www.grimau.com\\\/#\\\/schema\\\/logo\\\/image\\\/\",\"url\":\"https:\\\/\\\/www.grimau.com\\\/wp-content\\\/uploads\\\/2015\\\/11\\\/red-logo-grimau.png\",\"contentUrl\":\"https:\\\/\\\/www.grimau.com\\\/wp-content\\\/uploads\\\/2015\\\/11\\\/red-logo-grimau.png\",\"width\":400,\"height\":219,\"caption\":\"Vi\u00f1a Torreblanca\"},\"image\":{\"@id\":\"https:\\\/\\\/www.grimau.com\\\/#\\\/schema\\\/logo\\\/image\\\/\"},\"sameAs\":[\"https:\\\/\\\/www.facebook.com\\\/grimaucavas?fref=ts\",\"https:\\\/\\\/x.com\\\/cava_grimau\",\"https:\\\/\\\/www.instagram.com\\\/cavagrimau\\\/\",\"https:\\\/\\\/instagram.com\\\/cavagrimau\\\/\",\"https:\\\/\\\/es.pinterest.com\\\/pin\\\/551268810614675792\\\/\",\"https:\\\/\\\/www.youtube.com\\\/watch?time_continue=7&amp;amp;amp;amp;amp;amp;amp;amp;amp;amp;amp;amp;amp;amp;amp;amp;amp;amp;amp;amp;v=XAjWZ0nPhzk\"]}]}<\/script>\n<!-- \/ Yoast SEO plugin. -->","yoast_head_json":{"title":"Productes - Grimau","robots":{"index":"index","follow":"follow","max-snippet":"max-snippet:-1","max-image-preview":"max-image-preview:large","max-video-preview":"max-video-preview:-1"},"canonical":"https:\/\/www.grimau.com\/ca\/productes\/","og_locale":"ca_ES","og_type":"article","og_title":"Productes - Grimau","og_description":"[vc_row][vc_column][vc_column_text]Quan un cava es presenta amb bona intensitat en boca, amb bombolla sense exc\u00e9s d&#8217;acidesa, amb fruita i tocs de crian\u00e7a, probablement podem emprar com a aperitiu, al costat de multitud de plats i al final per relaxar-nos amb bona companyia i una millor conversa.[\/vc_column_text][\/vc_column][\/vc_row]","og_url":"https:\/\/www.grimau.com\/ca\/productes\/","og_site_name":"Grimau","article_publisher":"https:\/\/www.facebook.com\/grimaucavas?fref=ts","og_image":[{"url":"https:\/\/www.grimau.com\/wp-content\/uploads\/2015\/11\/red-logo-grimau.png","type":"","width":"","height":""}],"twitter_card":"summary_large_image","twitter_site":"@cava_grimau","twitter_misc":{"Temps estimat de lectura":"1 minut"},"schema":{"@context":"https:\/\/schema.org","@graph":[{"@type":"WebPage","@id":"https:\/\/www.grimau.com\/ca\/productes\/","url":"https:\/\/www.grimau.com\/ca\/productes\/","name":"Productes - Grimau","isPartOf":{"@id":"https:\/\/www.grimau.com\/#website"},"datePublished":"2017-11-10T10:58:43+00:00","breadcrumb":{"@id":"https:\/\/www.grimau.com\/ca\/productes\/#breadcrumb"},"inLanguage":"ca","potentialAction":[{"@type":"ReadAction","target":["https:\/\/www.grimau.com\/ca\/productes\/"]}]},{"@type":"BreadcrumbList","@id":"https:\/\/www.grimau.com\/ca\/productes\/#breadcrumb","itemListElement":[{"@type":"ListItem","position":1,"name":"Portada","item":"https:\/\/www.grimau.com\/ca\/"},{"@type":"ListItem","position":2,"name":"Productes"}]},{"@type":"WebSite","@id":"https:\/\/www.grimau.com\/#website","url":"https:\/\/www.grimau.com\/","name":"Grimau","description":"Vins i caves","publisher":{"@id":"https:\/\/www.grimau.com\/#organization"},"potentialAction":[{"@type":"SearchAction","target":{"@type":"EntryPoint","urlTemplate":"https:\/\/www.grimau.com\/?s={search_term_string}"},"query-input":{"@type":"PropertyValueSpecification","valueRequired":true,"valueName":"search_term_string"}}],"inLanguage":"ca"},{"@type":"Organization","@id":"https:\/\/www.grimau.com\/#organization","name":"Vi\u00f1a Torreblanca","url":"https:\/\/www.grimau.com\/","logo":{"@type":"ImageObject","inLanguage":"ca","@id":"https:\/\/www.grimau.com\/#\/schema\/logo\/image\/","url":"https:\/\/www.grimau.com\/wp-content\/uploads\/2015\/11\/red-logo-grimau.png","contentUrl":"https:\/\/www.grimau.com\/wp-content\/uploads\/2015\/11\/red-logo-grimau.png","width":400,"height":219,"caption":"Vi\u00f1a Torreblanca"},"image":{"@id":"https:\/\/www.grimau.com\/#\/schema\/logo\/image\/"},"sameAs":["https:\/\/www.facebook.com\/grimaucavas?fref=ts","https:\/\/x.com\/cava_grimau","https:\/\/www.instagram.com\/cavagrimau\/","https:\/\/instagram.com\/cavagrimau\/","https:\/\/es.pinterest.com\/pin\/551268810614675792\/","https:\/\/www.youtube.com\/watch?time_continue=7&amp;amp;amp;amp;amp;amp;amp;amp;amp;amp;amp;amp;amp;amp;amp;amp;amp;amp;amp;amp;v=XAjWZ0nPhzk"]}]}},"_links":{"self":[{"href":"https:\/\/www.grimau.com\/ca\/wp-json\/wp\/v2\/pages\/6199","targetHints":{"allow":["GET"]}}],"collection":[{"href":"https:\/\/www.grimau.com\/ca\/wp-json\/wp\/v2\/pages"}],"about":[{"href":"https:\/\/www.grimau.com\/ca\/wp-json\/wp\/v2\/types\/page"}],"author":[{"embeddable":true,"href":"https:\/\/www.grimau.com\/ca\/wp-json\/wp\/v2\/users\/4"}],"replies":[{"embeddable":true,"href":"https:\/\/www.grimau.com\/ca\/wp-json\/wp\/v2\/comments?post=6199"}],"version-history":[{"count":0,"href":"https:\/\/www.grimau.com\/ca\/wp-json\/wp\/v2\/pages\/6199\/revisions"}],"wp:attachment":[{"href":"https:\/\/www.grimau.com\/ca\/wp-json\/wp\/v2\/media?parent=6199"}],"curies":[{"name":"wp","href":"https:\/\/api.w.org\/{rel}","templated":true}]}}