{"id":6192,"date":"2017-11-10T10:54:15","date_gmt":"2017-11-10T10:54:15","guid":{"rendered":"http:\/\/www.grimau.com\/?page_id=6192"},"modified":"2017-11-10T13:18:36","modified_gmt":"2017-11-10T13:18:36","slug":"la-masia","status":"publish","type":"page","link":"https:\/\/www.grimau.com\/ca\/la-masia\/","title":{"rendered":"La Masia"},"content":{"rendered":"<div class=\"wpb-content-wrapper\">[vc_row][vc_column][vc_empty_space]<div  class=\"sc_image align\"><a href=\"https:\/\/www.grimau.com\/wp-content\/uploads\/2015\/10\/masia.jpg\"><img decoding=\"async\"  src=\"https:\/\/www.grimau.com\/wp-content\/uploads\/2015\/10\/masia-1240x253.jpg\" alt=\"\" \/><\/a><\/div>[vc_empty_space][vc_column_text]La finca\u00a0te\u00a0<strong>22 hect\u00e0rees de vinyes<\/strong> plantades amb les varietats negres pinot noir, cabernet sauvignon, merlot i ull de llebre, i les blanques macabeu, chardonnay, parellada i xarel\u00b7lo (aquesta \u00faltima pertany a uns ceps de m\u00e9s de setanta anys de vida ). La fam\u00edlia s&#8217;encarrega de totes les fases d&#8217;elaboraci\u00f3 del vi i cava, dutes a terme al celler, que compta amb una superf\u00edcie de <strong>1.500 metres quadrats<\/strong>.<\/p>\n<p>Grimau distribueix a <strong>Am\u00e8rica del Sud, Europa i Jap\u00f3.<\/strong><\/p>\n<p>Ofereixen <strong>visites<\/strong> al celler i al proc\u00e9s de verema que completen amb una degustaci\u00f3 dels seus productes. Cal concertar-les pr\u00e8viament.[\/vc_column_text][vc_empty_space][\/vc_column][\/vc_row]\n<\/div>","protected":false},"excerpt":{"rendered":"[vc_row][vc_column][vc_empty_space][vc_empty_space][vc_column_text]La finca\u00a0te\u00a022 hect\u00e0rees de vinyes plantades amb les varietats negres pinot noir, cabernet sauvignon, merlot i ull de llebre, i les blanques macabeu, chardonnay, parellada i xarel\u00b7lo (aquesta \u00faltima pertany a uns ceps de m\u00e9s de setanta anys de vida ). La fam\u00edlia s&#8217;encarrega de totes les fases d&#8217;elaboraci\u00f3 del vi i cava, dutes a [&hellip;]\n","protected":false},"author":4,"featured_media":0,"parent":0,"menu_order":0,"comment_status":"closed","ping_status":"closed","template":"","meta":{"footnotes":""},"class_list":["post-6192","page","type-page","status-publish","hentry"],"yoast_head":"<!-- This site is optimized with the Yoast SEO plugin v27.4 - https:\/\/yoast.com\/product\/yoast-seo-wordpress\/ -->\n<title>La Masia - Grimau<\/title>\n<meta name=\"robots\" content=\"index, follow, max-snippet:-1, max-image-preview:large, max-video-preview:-1\" \/>\n<link rel=\"canonical\" href=\"https:\/\/www.grimau.com\/ca\/la-masia\/\" \/>\n<meta property=\"og:locale\" content=\"ca_ES\" \/>\n<meta property=\"og:type\" content=\"article\" \/>\n<meta property=\"og:title\" content=\"La Masia - Grimau\" \/>\n<meta property=\"og:description\" content=\"[vc_row][vc_column][vc_empty_space][vc_empty_space][vc_column_text]La finca\u00a0te\u00a022 hect\u00e0rees de vinyes plantades amb les varietats negres pinot noir, cabernet sauvignon, merlot i ull de llebre, i les blanques macabeu, chardonnay, parellada i xarel\u00b7lo (aquesta \u00faltima pertany a uns ceps de m\u00e9s de setanta anys de vida ). La fam\u00edlia s&#8217;encarrega de totes les fases d&#8217;elaboraci\u00f3 del vi i cava, dutes a [&hellip;]\" \/>\n<meta property=\"og:url\" content=\"https:\/\/www.grimau.com\/ca\/la-masia\/\" \/>\n<meta property=\"og:site_name\" content=\"Grimau\" \/>\n<meta property=\"article:publisher\" content=\"https:\/\/www.facebook.com\/grimaucavas?fref=ts\" \/>\n<meta property=\"article:modified_time\" content=\"2017-11-10T13:18:36+00:00\" \/>\n<meta property=\"og:image\" content=\"https:\/\/www.grimau.com\/wp-content\/uploads\/2015\/11\/red-logo-grimau.png\" \/>\n<meta name=\"twitter:card\" content=\"summary_large_image\" \/>\n<meta name=\"twitter:site\" content=\"@cava_grimau\" \/>\n<meta name=\"twitter:label1\" content=\"Temps estimat de lectura\" \/>\n\t<meta name=\"twitter:data1\" content=\"1 minut\" \/>\n<script type=\"application\/ld+json\" class=\"yoast-schema-graph\">{\"@context\":\"https:\\\/\\\/schema.org\",\"@graph\":[{\"@type\":\"WebPage\",\"@id\":\"https:\\\/\\\/www.grimau.com\\\/ca\\\/la-masia\\\/\",\"url\":\"https:\\\/\\\/www.grimau.com\\\/ca\\\/la-masia\\\/\",\"name\":\"La Masia - Grimau\",\"isPartOf\":{\"@id\":\"https:\\\/\\\/www.grimau.com\\\/#website\"},\"datePublished\":\"2017-11-10T10:54:15+00:00\",\"dateModified\":\"2017-11-10T13:18:36+00:00\",\"breadcrumb\":{\"@id\":\"https:\\\/\\\/www.grimau.com\\\/ca\\\/la-masia\\\/#breadcrumb\"},\"inLanguage\":\"ca\",\"potentialAction\":[{\"@type\":\"ReadAction\",\"target\":[\"https:\\\/\\\/www.grimau.com\\\/ca\\\/la-masia\\\/\"]}]},{\"@type\":\"BreadcrumbList\",\"@id\":\"https:\\\/\\\/www.grimau.com\\\/ca\\\/la-masia\\\/#breadcrumb\",\"itemListElement\":[{\"@type\":\"ListItem\",\"position\":1,\"name\":\"Portada\",\"item\":\"https:\\\/\\\/www.grimau.com\\\/ca\\\/\"},{\"@type\":\"ListItem\",\"position\":2,\"name\":\"La Masia\"}]},{\"@type\":\"WebSite\",\"@id\":\"https:\\\/\\\/www.grimau.com\\\/#website\",\"url\":\"https:\\\/\\\/www.grimau.com\\\/\",\"name\":\"Grimau\",\"description\":\"Vins i caves\",\"publisher\":{\"@id\":\"https:\\\/\\\/www.grimau.com\\\/#organization\"},\"potentialAction\":[{\"@type\":\"SearchAction\",\"target\":{\"@type\":\"EntryPoint\",\"urlTemplate\":\"https:\\\/\\\/www.grimau.com\\\/?s={search_term_string}\"},\"query-input\":{\"@type\":\"PropertyValueSpecification\",\"valueRequired\":true,\"valueName\":\"search_term_string\"}}],\"inLanguage\":\"ca\"},{\"@type\":\"Organization\",\"@id\":\"https:\\\/\\\/www.grimau.com\\\/#organization\",\"name\":\"Vi\u00f1a Torreblanca\",\"url\":\"https:\\\/\\\/www.grimau.com\\\/\",\"logo\":{\"@type\":\"ImageObject\",\"inLanguage\":\"ca\",\"@id\":\"https:\\\/\\\/www.grimau.com\\\/#\\\/schema\\\/logo\\\/image\\\/\",\"url\":\"https:\\\/\\\/www.grimau.com\\\/wp-content\\\/uploads\\\/2015\\\/11\\\/red-logo-grimau.png\",\"contentUrl\":\"https:\\\/\\\/www.grimau.com\\\/wp-content\\\/uploads\\\/2015\\\/11\\\/red-logo-grimau.png\",\"width\":400,\"height\":219,\"caption\":\"Vi\u00f1a Torreblanca\"},\"image\":{\"@id\":\"https:\\\/\\\/www.grimau.com\\\/#\\\/schema\\\/logo\\\/image\\\/\"},\"sameAs\":[\"https:\\\/\\\/www.facebook.com\\\/grimaucavas?fref=ts\",\"https:\\\/\\\/x.com\\\/cava_grimau\",\"https:\\\/\\\/www.instagram.com\\\/cavagrimau\\\/\",\"https:\\\/\\\/instagram.com\\\/cavagrimau\\\/\",\"https:\\\/\\\/es.pinterest.com\\\/pin\\\/551268810614675792\\\/\",\"https:\\\/\\\/www.youtube.com\\\/watch?time_continue=7&amp;amp;amp;amp;amp;amp;amp;amp;amp;amp;amp;amp;amp;amp;amp;amp;amp;amp;amp;amp;v=XAjWZ0nPhzk\"]}]}<\/script>\n<!-- \/ Yoast SEO plugin. -->","yoast_head_json":{"title":"La Masia - Grimau","robots":{"index":"index","follow":"follow","max-snippet":"max-snippet:-1","max-image-preview":"max-image-preview:large","max-video-preview":"max-video-preview:-1"},"canonical":"https:\/\/www.grimau.com\/ca\/la-masia\/","og_locale":"ca_ES","og_type":"article","og_title":"La Masia - Grimau","og_description":"[vc_row][vc_column][vc_empty_space][vc_empty_space][vc_column_text]La finca\u00a0te\u00a022 hect\u00e0rees de vinyes plantades amb les varietats negres pinot noir, cabernet sauvignon, merlot i ull de llebre, i les blanques macabeu, chardonnay, parellada i xarel\u00b7lo (aquesta \u00faltima pertany a uns ceps de m\u00e9s de setanta anys de vida ). La fam\u00edlia s&#8217;encarrega de totes les fases d&#8217;elaboraci\u00f3 del vi i cava, dutes a [&hellip;]","og_url":"https:\/\/www.grimau.com\/ca\/la-masia\/","og_site_name":"Grimau","article_publisher":"https:\/\/www.facebook.com\/grimaucavas?fref=ts","article_modified_time":"2017-11-10T13:18:36+00:00","og_image":[{"url":"https:\/\/www.grimau.com\/wp-content\/uploads\/2015\/11\/red-logo-grimau.png","type":"","width":"","height":""}],"twitter_card":"summary_large_image","twitter_site":"@cava_grimau","twitter_misc":{"Temps estimat de lectura":"1 minut"},"schema":{"@context":"https:\/\/schema.org","@graph":[{"@type":"WebPage","@id":"https:\/\/www.grimau.com\/ca\/la-masia\/","url":"https:\/\/www.grimau.com\/ca\/la-masia\/","name":"La Masia - Grimau","isPartOf":{"@id":"https:\/\/www.grimau.com\/#website"},"datePublished":"2017-11-10T10:54:15+00:00","dateModified":"2017-11-10T13:18:36+00:00","breadcrumb":{"@id":"https:\/\/www.grimau.com\/ca\/la-masia\/#breadcrumb"},"inLanguage":"ca","potentialAction":[{"@type":"ReadAction","target":["https:\/\/www.grimau.com\/ca\/la-masia\/"]}]},{"@type":"BreadcrumbList","@id":"https:\/\/www.grimau.com\/ca\/la-masia\/#breadcrumb","itemListElement":[{"@type":"ListItem","position":1,"name":"Portada","item":"https:\/\/www.grimau.com\/ca\/"},{"@type":"ListItem","position":2,"name":"La Masia"}]},{"@type":"WebSite","@id":"https:\/\/www.grimau.com\/#website","url":"https:\/\/www.grimau.com\/","name":"Grimau","description":"Vins i caves","publisher":{"@id":"https:\/\/www.grimau.com\/#organization"},"potentialAction":[{"@type":"SearchAction","target":{"@type":"EntryPoint","urlTemplate":"https:\/\/www.grimau.com\/?s={search_term_string}"},"query-input":{"@type":"PropertyValueSpecification","valueRequired":true,"valueName":"search_term_string"}}],"inLanguage":"ca"},{"@type":"Organization","@id":"https:\/\/www.grimau.com\/#organization","name":"Vi\u00f1a Torreblanca","url":"https:\/\/www.grimau.com\/","logo":{"@type":"ImageObject","inLanguage":"ca","@id":"https:\/\/www.grimau.com\/#\/schema\/logo\/image\/","url":"https:\/\/www.grimau.com\/wp-content\/uploads\/2015\/11\/red-logo-grimau.png","contentUrl":"https:\/\/www.grimau.com\/wp-content\/uploads\/2015\/11\/red-logo-grimau.png","width":400,"height":219,"caption":"Vi\u00f1a Torreblanca"},"image":{"@id":"https:\/\/www.grimau.com\/#\/schema\/logo\/image\/"},"sameAs":["https:\/\/www.facebook.com\/grimaucavas?fref=ts","https:\/\/x.com\/cava_grimau","https:\/\/www.instagram.com\/cavagrimau\/","https:\/\/instagram.com\/cavagrimau\/","https:\/\/es.pinterest.com\/pin\/551268810614675792\/","https:\/\/www.youtube.com\/watch?time_continue=7&amp;amp;amp;amp;amp;amp;amp;amp;amp;amp;amp;amp;amp;amp;amp;amp;amp;amp;amp;amp;v=XAjWZ0nPhzk"]}]}},"_links":{"self":[{"href":"https:\/\/www.grimau.com\/ca\/wp-json\/wp\/v2\/pages\/6192","targetHints":{"allow":["GET"]}}],"collection":[{"href":"https:\/\/www.grimau.com\/ca\/wp-json\/wp\/v2\/pages"}],"about":[{"href":"https:\/\/www.grimau.com\/ca\/wp-json\/wp\/v2\/types\/page"}],"author":[{"embeddable":true,"href":"https:\/\/www.grimau.com\/ca\/wp-json\/wp\/v2\/users\/4"}],"replies":[{"embeddable":true,"href":"https:\/\/www.grimau.com\/ca\/wp-json\/wp\/v2\/comments?post=6192"}],"version-history":[{"count":0,"href":"https:\/\/www.grimau.com\/ca\/wp-json\/wp\/v2\/pages\/6192\/revisions"}],"wp:attachment":[{"href":"https:\/\/www.grimau.com\/ca\/wp-json\/wp\/v2\/media?parent=6192"}],"curies":[{"name":"wp","href":"https:\/\/api.w.org\/{rel}","templated":true}]}}