{"id":6188,"date":"2017-11-10T10:50:59","date_gmt":"2017-11-10T10:50:59","guid":{"rendered":"http:\/\/www.grimau.com\/?page_id=6188"},"modified":"2017-11-10T10:51:24","modified_gmt":"2017-11-10T10:51:24","slug":"entorn","status":"publish","type":"page","link":"https:\/\/www.grimau.com\/ca\/entorn\/","title":{"rendered":"Entorn"},"content":{"rendered":"<div class=\"wpb-content-wrapper\">[vc_row][vc_column]<p class=\"sc_dropcaps sc_dropcaps_style_1\" ><span class=\"sc_dropcap\">L<\/span>a influ\u00e8ncia del sol i del mar Mediterrani fan del Pened\u00e8s un territori privilegiat per al cultiu de la vinya. En aquest entorn, gaudir del sol entre les vinyes, passejar per pobles i ciutats, i descobrir els grans vins dels seus cellers, constitueix una experi\u00e8ncia altament gratificant.<\/p>[vc_column_text]\n<div class=\"ecxOutlineElement ecxLtr ecxSCX191874568\">\n<p class=\"ecxParagraph ecxSCX191874568\">El s\u00f2l \u00e9s ric en f\u00f2sfor i baix en potassi. Es tracta d&#8217;un terreny irregular, amb petits turons de la vora del mar fins a la muntanya de Montserrat, amb petites valls dels diferents rius. A les zones de menor altitud predomina el terreny sorrenc i en les m\u00e9s altes dels terrenys calcaris i l&#8217;argila.<\/p>\n<p class=\"ecxParagraph ecxSCX191874568\">L&#8217;altitud va des de la costa fins als 800 m. sobre el nivell del mar de la subzona superior. La pluviometria \u00e9s d&#8217;al voltant de 500 mm. de mitjana i gaudeix d&#8217;un clima mediterrani, c\u00e0lid i suau i amb moltes hores d&#8217;insolaci\u00f3. No obstant aix\u00f2, donada la gran varietat de zones de cultiu les condicions climatol\u00f2giques varien notablement d&#8217;una zona a una altra existint infinitat de micro-climes.<\/p>\n<\/div>\n[\/vc_column_text][vc_empty_space]<h6 class=\"sc_title  sc_title_left\">El Pened\u00e8s<\/h6>[vc_column_text]Diferents territoris, climes, zones &#8230; marquen de manera significativa l&#8217;\u00e0rea vit\u00edcola del Pened\u00e8s. Amb un notable ventall de varietats i tipus de vins, cellers i conceptes ecol\u00f2gics, la DO Pened\u00e8s presenta una complet\u00edssima proposta de vins, alhora diversa, valorada, tangible i reconeguda.[\/vc_column_text][vc_empty_space]<h6 class=\"sc_title  sc_title_left\">Qualitat<\/h6>[vc_column_text]El treball de millora cont\u00ednua de viticultors i elaboradors atorga a la qualitat dels vins DO Pened\u00e8s un dels grans valors diferencials. Es tracta d&#8217;un reconeixement nacional i internacional a l&#8217;esfor\u00e7 personal i tecnol\u00f2gic del sector vitivin\u00edcola que s&#8217;ha guanyat a pols la credibilitat del consumidor com a s\u00edmbol inequ\u00edvoc del grau de qualitat de la marca DO Pened\u00e8s.[\/vc_column_text][vc_empty_space]<h6 class=\"sc_title  sc_title_left\">Cultura del vi<\/h6>[vc_column_text]El Pened\u00e8s t\u00e9 una llarga hist\u00f2ria i tradici\u00f3 vitivin\u00edcola. Generaci\u00f3 rere generaci\u00f3, el m\u00f3n del vi ha impregnat aquesta terra i l&#8217;ha dotat d&#8217;un esperit i un tarann\u00e0 singular que vol ser compartit. Amb una ubicaci\u00f3 geogr\u00e0fica i xarxa comunicacional privilegiades, la DO Pened\u00e8s \u00e9s avui referent en el sector de l&#8217;enoturisme i a trav\u00e9s d&#8217;activitats, cellers, serveis, persones i patrimoni, obre els seus bra\u00e7os per con\u00e8ixer i submergir-se en la cultura del vi.[\/vc_column_text][\/vc_column][\/vc_row]\n<\/div>","protected":false},"excerpt":{"rendered":"[vc_row][vc_column][vc_column_text] El s\u00f2l \u00e9s ric en f\u00f2sfor i baix en potassi. Es tracta d&#8217;un terreny irregular, amb petits turons de la vora del mar fins a la muntanya de Montserrat, amb petites valls dels diferents rius. A les zones de menor altitud predomina el terreny sorrenc i en les m\u00e9s altes dels terrenys calcaris i [&hellip;]\n","protected":false},"author":4,"featured_media":0,"parent":0,"menu_order":0,"comment_status":"closed","ping_status":"closed","template":"","meta":{"footnotes":""},"class_list":["post-6188","page","type-page","status-publish","hentry"],"yoast_head":"<!-- This site is optimized with the Yoast SEO plugin v27.4 - https:\/\/yoast.com\/product\/yoast-seo-wordpress\/ -->\n<title>Entorn - Grimau<\/title>\n<meta name=\"robots\" content=\"index, follow, max-snippet:-1, max-image-preview:large, max-video-preview:-1\" \/>\n<link rel=\"canonical\" href=\"https:\/\/www.grimau.com\/ca\/entorn\/\" \/>\n<meta property=\"og:locale\" content=\"ca_ES\" \/>\n<meta property=\"og:type\" content=\"article\" \/>\n<meta property=\"og:title\" content=\"Entorn - Grimau\" \/>\n<meta property=\"og:description\" content=\"[vc_row][vc_column][vc_column_text] El s\u00f2l \u00e9s ric en f\u00f2sfor i baix en potassi. Es tracta d&#8217;un terreny irregular, amb petits turons de la vora del mar fins a la muntanya de Montserrat, amb petites valls dels diferents rius. A les zones de menor altitud predomina el terreny sorrenc i en les m\u00e9s altes dels terrenys calcaris i [&hellip;]\" \/>\n<meta property=\"og:url\" content=\"https:\/\/www.grimau.com\/ca\/entorn\/\" \/>\n<meta property=\"og:site_name\" content=\"Grimau\" \/>\n<meta property=\"article:publisher\" content=\"https:\/\/www.facebook.com\/grimaucavas?fref=ts\" \/>\n<meta property=\"article:modified_time\" content=\"2017-11-10T10:51:24+00:00\" \/>\n<meta property=\"og:image\" content=\"https:\/\/www.grimau.com\/wp-content\/uploads\/2015\/11\/red-logo-grimau.png\" \/>\n<meta name=\"twitter:card\" content=\"summary_large_image\" \/>\n<meta name=\"twitter:site\" content=\"@cava_grimau\" \/>\n<meta name=\"twitter:label1\" content=\"Temps estimat de lectura\" \/>\n\t<meta name=\"twitter:data1\" content=\"2 minuts\" \/>\n<script type=\"application\/ld+json\" class=\"yoast-schema-graph\">{\"@context\":\"https:\\\/\\\/schema.org\",\"@graph\":[{\"@type\":\"WebPage\",\"@id\":\"https:\\\/\\\/www.grimau.com\\\/ca\\\/entorn\\\/\",\"url\":\"https:\\\/\\\/www.grimau.com\\\/ca\\\/entorn\\\/\",\"name\":\"Entorn - Grimau\",\"isPartOf\":{\"@id\":\"https:\\\/\\\/www.grimau.com\\\/#website\"},\"datePublished\":\"2017-11-10T10:50:59+00:00\",\"dateModified\":\"2017-11-10T10:51:24+00:00\",\"breadcrumb\":{\"@id\":\"https:\\\/\\\/www.grimau.com\\\/ca\\\/entorn\\\/#breadcrumb\"},\"inLanguage\":\"ca\",\"potentialAction\":[{\"@type\":\"ReadAction\",\"target\":[\"https:\\\/\\\/www.grimau.com\\\/ca\\\/entorn\\\/\"]}]},{\"@type\":\"BreadcrumbList\",\"@id\":\"https:\\\/\\\/www.grimau.com\\\/ca\\\/entorn\\\/#breadcrumb\",\"itemListElement\":[{\"@type\":\"ListItem\",\"position\":1,\"name\":\"Portada\",\"item\":\"https:\\\/\\\/www.grimau.com\\\/ca\\\/\"},{\"@type\":\"ListItem\",\"position\":2,\"name\":\"Entorn\"}]},{\"@type\":\"WebSite\",\"@id\":\"https:\\\/\\\/www.grimau.com\\\/#website\",\"url\":\"https:\\\/\\\/www.grimau.com\\\/\",\"name\":\"Grimau\",\"description\":\"Vins i caves\",\"publisher\":{\"@id\":\"https:\\\/\\\/www.grimau.com\\\/#organization\"},\"potentialAction\":[{\"@type\":\"SearchAction\",\"target\":{\"@type\":\"EntryPoint\",\"urlTemplate\":\"https:\\\/\\\/www.grimau.com\\\/?s={search_term_string}\"},\"query-input\":{\"@type\":\"PropertyValueSpecification\",\"valueRequired\":true,\"valueName\":\"search_term_string\"}}],\"inLanguage\":\"ca\"},{\"@type\":\"Organization\",\"@id\":\"https:\\\/\\\/www.grimau.com\\\/#organization\",\"name\":\"Vi\u00f1a Torreblanca\",\"url\":\"https:\\\/\\\/www.grimau.com\\\/\",\"logo\":{\"@type\":\"ImageObject\",\"inLanguage\":\"ca\",\"@id\":\"https:\\\/\\\/www.grimau.com\\\/#\\\/schema\\\/logo\\\/image\\\/\",\"url\":\"https:\\\/\\\/www.grimau.com\\\/wp-content\\\/uploads\\\/2015\\\/11\\\/red-logo-grimau.png\",\"contentUrl\":\"https:\\\/\\\/www.grimau.com\\\/wp-content\\\/uploads\\\/2015\\\/11\\\/red-logo-grimau.png\",\"width\":400,\"height\":219,\"caption\":\"Vi\u00f1a Torreblanca\"},\"image\":{\"@id\":\"https:\\\/\\\/www.grimau.com\\\/#\\\/schema\\\/logo\\\/image\\\/\"},\"sameAs\":[\"https:\\\/\\\/www.facebook.com\\\/grimaucavas?fref=ts\",\"https:\\\/\\\/x.com\\\/cava_grimau\",\"https:\\\/\\\/www.instagram.com\\\/cavagrimau\\\/\",\"https:\\\/\\\/instagram.com\\\/cavagrimau\\\/\",\"https:\\\/\\\/es.pinterest.com\\\/pin\\\/551268810614675792\\\/\",\"https:\\\/\\\/www.youtube.com\\\/watch?time_continue=7&amp;amp;amp;amp;amp;amp;amp;amp;amp;amp;amp;amp;amp;amp;amp;amp;amp;amp;amp;amp;v=XAjWZ0nPhzk\"]}]}<\/script>\n<!-- \/ Yoast SEO plugin. -->","yoast_head_json":{"title":"Entorn - Grimau","robots":{"index":"index","follow":"follow","max-snippet":"max-snippet:-1","max-image-preview":"max-image-preview:large","max-video-preview":"max-video-preview:-1"},"canonical":"https:\/\/www.grimau.com\/ca\/entorn\/","og_locale":"ca_ES","og_type":"article","og_title":"Entorn - Grimau","og_description":"[vc_row][vc_column][vc_column_text] El s\u00f2l \u00e9s ric en f\u00f2sfor i baix en potassi. Es tracta d&#8217;un terreny irregular, amb petits turons de la vora del mar fins a la muntanya de Montserrat, amb petites valls dels diferents rius. A les zones de menor altitud predomina el terreny sorrenc i en les m\u00e9s altes dels terrenys calcaris i [&hellip;]","og_url":"https:\/\/www.grimau.com\/ca\/entorn\/","og_site_name":"Grimau","article_publisher":"https:\/\/www.facebook.com\/grimaucavas?fref=ts","article_modified_time":"2017-11-10T10:51:24+00:00","og_image":[{"url":"https:\/\/www.grimau.com\/wp-content\/uploads\/2015\/11\/red-logo-grimau.png","type":"","width":"","height":""}],"twitter_card":"summary_large_image","twitter_site":"@cava_grimau","twitter_misc":{"Temps estimat de lectura":"2 minuts"},"schema":{"@context":"https:\/\/schema.org","@graph":[{"@type":"WebPage","@id":"https:\/\/www.grimau.com\/ca\/entorn\/","url":"https:\/\/www.grimau.com\/ca\/entorn\/","name":"Entorn - Grimau","isPartOf":{"@id":"https:\/\/www.grimau.com\/#website"},"datePublished":"2017-11-10T10:50:59+00:00","dateModified":"2017-11-10T10:51:24+00:00","breadcrumb":{"@id":"https:\/\/www.grimau.com\/ca\/entorn\/#breadcrumb"},"inLanguage":"ca","potentialAction":[{"@type":"ReadAction","target":["https:\/\/www.grimau.com\/ca\/entorn\/"]}]},{"@type":"BreadcrumbList","@id":"https:\/\/www.grimau.com\/ca\/entorn\/#breadcrumb","itemListElement":[{"@type":"ListItem","position":1,"name":"Portada","item":"https:\/\/www.grimau.com\/ca\/"},{"@type":"ListItem","position":2,"name":"Entorn"}]},{"@type":"WebSite","@id":"https:\/\/www.grimau.com\/#website","url":"https:\/\/www.grimau.com\/","name":"Grimau","description":"Vins i caves","publisher":{"@id":"https:\/\/www.grimau.com\/#organization"},"potentialAction":[{"@type":"SearchAction","target":{"@type":"EntryPoint","urlTemplate":"https:\/\/www.grimau.com\/?s={search_term_string}"},"query-input":{"@type":"PropertyValueSpecification","valueRequired":true,"valueName":"search_term_string"}}],"inLanguage":"ca"},{"@type":"Organization","@id":"https:\/\/www.grimau.com\/#organization","name":"Vi\u00f1a Torreblanca","url":"https:\/\/www.grimau.com\/","logo":{"@type":"ImageObject","inLanguage":"ca","@id":"https:\/\/www.grimau.com\/#\/schema\/logo\/image\/","url":"https:\/\/www.grimau.com\/wp-content\/uploads\/2015\/11\/red-logo-grimau.png","contentUrl":"https:\/\/www.grimau.com\/wp-content\/uploads\/2015\/11\/red-logo-grimau.png","width":400,"height":219,"caption":"Vi\u00f1a Torreblanca"},"image":{"@id":"https:\/\/www.grimau.com\/#\/schema\/logo\/image\/"},"sameAs":["https:\/\/www.facebook.com\/grimaucavas?fref=ts","https:\/\/x.com\/cava_grimau","https:\/\/www.instagram.com\/cavagrimau\/","https:\/\/instagram.com\/cavagrimau\/","https:\/\/es.pinterest.com\/pin\/551268810614675792\/","https:\/\/www.youtube.com\/watch?time_continue=7&amp;amp;amp;amp;amp;amp;amp;amp;amp;amp;amp;amp;amp;amp;amp;amp;amp;amp;amp;amp;v=XAjWZ0nPhzk"]}]}},"_links":{"self":[{"href":"https:\/\/www.grimau.com\/ca\/wp-json\/wp\/v2\/pages\/6188","targetHints":{"allow":["GET"]}}],"collection":[{"href":"https:\/\/www.grimau.com\/ca\/wp-json\/wp\/v2\/pages"}],"about":[{"href":"https:\/\/www.grimau.com\/ca\/wp-json\/wp\/v2\/types\/page"}],"author":[{"embeddable":true,"href":"https:\/\/www.grimau.com\/ca\/wp-json\/wp\/v2\/users\/4"}],"replies":[{"embeddable":true,"href":"https:\/\/www.grimau.com\/ca\/wp-json\/wp\/v2\/comments?post=6188"}],"version-history":[{"count":0,"href":"https:\/\/www.grimau.com\/ca\/wp-json\/wp\/v2\/pages\/6188\/revisions"}],"wp:attachment":[{"href":"https:\/\/www.grimau.com\/ca\/wp-json\/wp\/v2\/media?parent=6188"}],"curies":[{"name":"wp","href":"https:\/\/api.w.org\/{rel}","templated":true}]}}